{"id":128,"date":"2017-01-28T15:41:06","date_gmt":"2017-01-28T18:41:06","guid":{"rendered":"http:\/\/pizzavegana.com\/?page_id=128"},"modified":"2017-01-28T15:44:52","modified_gmt":"2017-01-28T18:44:52","slug":"ingredientes-saludables","status":"publish","type":"page","link":"https:\/\/pizzavegana.com\/en\/salud-y-sabor\/ingredientes-saludables\/","title":{"rendered":"Healthy ingredients"},"content":{"rendered":"<div class=\"bg-wrapper\">\n<div id=\"content-wrapper\">\n<div id=\"content\">\n<div id=\"wsite-content\" class=\"wsite-elements wsite-not-footer\">\n<div class=\"paragraph\">Las pizzas tradicionales contienen una gran cantidad de ingredientes da\u00f1inos tanto para vos como para tu familia. El uso de estos alimentos no solo perjudican tu salud sino que tambi\u00e9n da\u00f1an el medio ambiente.<br \/>\nA continuaci\u00f3n compartimos informaci\u00f3n valiosa para que descubras lo que estas comiendo cuando eleg\u00eds una pizza tradicional, y lo que com\u00e9s cuando eleg\u00eds PIZZA VEGANA:<\/div>\n<div>\n<div class=\"wsite-multicol\">\n<div class=\"wsite-multicol-table-wrap\">\n<table class=\"wsite-multicol-table\">\n<tbody class=\"wsite-multicol-tbody\">\n<tr class=\"wsite-multicol-tr\">\n<td class=\"wsite-multicol-col\">\n<h2 class=\"wsite-content-title\"><strong><span style=\"color: #508d24;\">PIZZA VEGANA<\/span><\/strong><\/h2>\n<div class=\"paragraph\">\n<ol>\n<li><strong>PRODUCTOS 100% VEGETALES<\/strong><\/li>\n<li><strong>LIBRES DE GLUTEN<\/strong><\/li>\n<li><strong>\u200b<\/strong><strong>SIN COLESTEROL<\/strong><\/li>\n<li><strong>LIBRES DE LACTOSA<\/strong><\/li>\n<li><strong>MASA DE HARINA DE ARROZ LIVIANA Y SACIADORA<\/strong><\/li>\n<li><strong>\u200bQUESOS Y PRODUCTOS ARTESANALES \/ CASEROS\u00a0<\/strong><\/li>\n<\/ol>\n<\/div>\n<\/td>\n<td class=\"wsite-multicol-col\">\n<h2 class=\"wsite-content-title\"><span style=\"color: #a82e2e;\"><strong>PIZZAS TRADICIONALES<\/strong><\/span><\/h2>\n<div class=\"paragraph\">\n<ol>\n<li><strong>CONTIENEN PRODUCTOS ANIMALES<\/strong><\/li>\n<li><strong>CONTIENEN GLUTEN<\/strong><\/li>\n<li><strong><span style=\"color: #818181;\">\u200b<\/span><\/strong><strong><span style=\"color: #818181;\">CONTIENEN COLESTEROL<\/span><\/strong><\/li>\n<li><strong><span style=\"color: #818181;\">CONTIENEN LACTOSA<\/span><\/strong><\/li>\n<li><strong><span style=\"color: #818181;\">MASA DE HARINA BLANCA SIN FIBRA<\/span><\/strong><\/li>\n<li><strong>L\u00c1CTEOS\u00a0PASTEURIZADOS CON CONSERVANTES<\/strong><\/li>\n<\/ol>\n<\/div>\n<\/td>\n<\/tr>\n<\/tbody>\n<\/table>\n<\/div>\n<\/div>\n<\/div>\n<div class=\"paragraph\">Por todo esto es que PIZZA VEGANA es la mejor opci\u00f3n a la hora de consumir pizza: fresca, ecol\u00f3gica, m\u00e1s sana, casera y con amor.\u00a0Si vas a comer pizza, que sea PIZZA VEGANA!<\/div>\n<\/div>\n<\/div>\n<\/div>\n<\/div>\n<div id=\"footer\"><\/div>\n","protected":false},"excerpt":{"rendered":"<p>Las pizzas tradicionales contienen una gran cantidad de ingredientes da\u00f1inos tanto para vos como para tu familia. El uso de estos alimentos no solo perjudican tu salud sino que tambi\u00e9n da\u00f1an el medio ambiente. A continuaci\u00f3n compartimos informaci\u00f3n valiosa para que descubras lo que estas comiendo cuando eleg\u00eds una pizza tradicional, y lo que com\u00e9s [&hellip;]<\/p>\n","protected":false},"author":1,"featured_media":0,"parent":126,"menu_order":0,"comment_status":"closed","ping_status":"closed","template":"","meta":{"footnotes":""},"translation":{"provider":"WPGlobus","version":"2.10.10","language":"en","enabled_languages":["es","en"],"languages":{"es":{"title":true,"content":true,"excerpt":false},"en":{"title":true,"content":false,"excerpt":false}}},"yoast_head":"<!-- This site is optimized with the Yoast SEO plugin v20.4 - https:\/\/yoast.com\/wordpress\/plugins\/seo\/ -->\n<title>Healthy ingredients | Pizza Vegana | Gluten Free | Colesterol Free | 100% Plant Based %<\/title>\n<meta name=\"robots\" content=\"index, follow, max-snippet:-1, max-image-preview:large, max-video-preview:-1\" \/>\n<link rel=\"canonical\" href=\"https:\/\/pizzavegana.com\/salud-y-sabor\/ingredientes-saludables\/\" \/>\n<meta property=\"og:locale\" content=\"en_US\" \/>\n<meta property=\"og:type\" content=\"article\" \/>\n<meta property=\"og:title\" content=\"Healthy ingredients | Pizza Vegana | Gluten Free | Colesterol Free | 100% Plant Based %\" \/>\n<meta property=\"og:url\" content=\"https:\/\/pizzavegana.com\/salud-y-sabor\/ingredientes-saludables\/\" \/>\n<meta property=\"og:site_name\" content=\"Pizza Vegana | Gluten Free | Colesterol Free | 100% Plant Based\" \/>\n<meta property=\"article:publisher\" content=\"http:\/\/fb.com\/pizzavegana\" \/>\n<meta property=\"article:modified_time\" content=\"2017-01-28T18:44:52+00:00\" \/>\n<meta name=\"twitter:card\" content=\"summary_large_image\" \/>\n<meta name=\"twitter:label1\" content=\"Est. reading time\" \/>\n\t<meta name=\"twitter:data1\" content=\"1 minute\" \/>\n<script type=\"application\/ld+json\" class=\"yoast-schema-graph\">{\"@context\":\"https:\/\/schema.org\",\"@graph\":[{\"@type\":\"WebPage\",\"@id\":\"https:\/\/pizzavegana.com\/salud-y-sabor\/ingredientes-saludables\/\",\"url\":\"https:\/\/pizzavegana.com\/salud-y-sabor\/ingredientes-saludables\/\",\"name\":\"Healthy ingredients | Pizza Vegana | Gluten Free | Colesterol Free | 100% Plant Based %\",\"isPartOf\":{\"@id\":\"https:\/\/pizzavegana.com\/#website\"},\"datePublished\":\"2017-01-28T18:41:06+00:00\",\"dateModified\":\"2017-01-28T18:44:52+00:00\",\"breadcrumb\":{\"@id\":\"https:\/\/pizzavegana.com\/salud-y-sabor\/ingredientes-saludables\/#breadcrumb\"},\"inLanguage\":\"en-US\",\"potentialAction\":[{\"@type\":\"ReadAction\",\"target\":[\"https:\/\/pizzavegana.com\/salud-y-sabor\/ingredientes-saludables\/\"]}]},{\"@type\":\"BreadcrumbList\",\"@id\":\"https:\/\/pizzavegana.com\/salud-y-sabor\/ingredientes-saludables\/#breadcrumb\",\"itemListElement\":[{\"@type\":\"ListItem\",\"position\":1,\"name\":\"Inicio\",\"item\":\"https:\/\/pizzavegana.com\/\"},{\"@type\":\"ListItem\",\"position\":2,\"name\":\"Health &#038; Flavour\",\"item\":\"https:\/\/pizzavegana.com\/en\/salud-y-sabor\/\"},{\"@type\":\"ListItem\",\"position\":3,\"name\":\"Ingredientes Saludables\"}]},{\"@type\":\"WebSite\",\"@id\":\"https:\/\/pizzavegana.com\/#website\",\"url\":\"https:\/\/pizzavegana.com\/\",\"name\":\"Pizza Vegana | Gluten Free | Colesterol Free | 100% Plant Based\",\"description\":\"Vegan Pizzer\u00eda, Gluten Free, 100% Plant Based, Cholesterol Free\",\"publisher\":{\"@id\":\"https:\/\/pizzavegana.com\/#organization\"},\"potentialAction\":[{\"@type\":\"SearchAction\",\"target\":{\"@type\":\"EntryPoint\",\"urlTemplate\":\"https:\/\/pizzavegana.com\/?s={search_term_string}\"},\"query-input\":\"required name=search_term_string\"}],\"inLanguage\":\"en-US\"},{\"@type\":\"Organization\",\"@id\":\"https:\/\/pizzavegana.com\/#organization\",\"name\":\"Pizza Vegana\",\"url\":\"https:\/\/pizzavegana.com\/\",\"logo\":{\"@type\":\"ImageObject\",\"inLanguage\":\"en-US\",\"@id\":\"https:\/\/pizzavegana.com\/#\/schema\/logo\/image\/\",\"url\":\"https:\/\/pizzavegana.com\/wp-content\/uploads\/2020\/04\/pv_logo_.png\",\"contentUrl\":\"https:\/\/pizzavegana.com\/wp-content\/uploads\/2020\/04\/pv_logo_.png\",\"width\":861,\"height\":382,\"caption\":\"Pizza Vegana\"},\"image\":{\"@id\":\"https:\/\/pizzavegana.com\/#\/schema\/logo\/image\/\"},\"sameAs\":[\"http:\/\/fb.com\/pizzavegana\",\"http:\/\/instagram.com\/pizzavegana\",\"http:\/\/linkedin.com\/company\/pizza-vegana\"]}]}<\/script>\n<!-- \/ Yoast SEO plugin. -->","yoast_head_json":{"title":"Healthy ingredients | Pizza Vegana | Gluten Free | Colesterol Free | 100% Plant Based %","robots":{"index":"index","follow":"follow","max-snippet":"max-snippet:-1","max-image-preview":"max-image-preview:large","max-video-preview":"max-video-preview:-1"},"canonical":"https:\/\/pizzavegana.com\/salud-y-sabor\/ingredientes-saludables\/","og_locale":"en_US","og_type":"article","og_title":"Healthy ingredients | Pizza Vegana | Gluten Free | Colesterol Free | 100% Plant Based %","og_url":"https:\/\/pizzavegana.com\/salud-y-sabor\/ingredientes-saludables\/","og_site_name":"Pizza Vegana | Gluten Free | Colesterol Free | 100% Plant Based","article_publisher":"http:\/\/fb.com\/pizzavegana","article_modified_time":"2017-01-28T18:44:52+00:00","twitter_card":"summary_large_image","twitter_misc":{"Est. reading time":"1 minute"},"schema":{"@context":"https:\/\/schema.org","@graph":[{"@type":"WebPage","@id":"https:\/\/pizzavegana.com\/salud-y-sabor\/ingredientes-saludables\/","url":"https:\/\/pizzavegana.com\/salud-y-sabor\/ingredientes-saludables\/","name":"Healthy ingredients | Pizza Vegana | Gluten Free | Colesterol Free | 100% Plant Based %","isPartOf":{"@id":"https:\/\/pizzavegana.com\/#website"},"datePublished":"2017-01-28T18:41:06+00:00","dateModified":"2017-01-28T18:44:52+00:00","breadcrumb":{"@id":"https:\/\/pizzavegana.com\/salud-y-sabor\/ingredientes-saludables\/#breadcrumb"},"inLanguage":"en-US","potentialAction":[{"@type":"ReadAction","target":["https:\/\/pizzavegana.com\/salud-y-sabor\/ingredientes-saludables\/"]}]},{"@type":"BreadcrumbList","@id":"https:\/\/pizzavegana.com\/salud-y-sabor\/ingredientes-saludables\/#breadcrumb","itemListElement":[{"@type":"ListItem","position":1,"name":"Inicio","item":"https:\/\/pizzavegana.com\/"},{"@type":"ListItem","position":2,"name":"Health &#038; Flavour","item":"https:\/\/pizzavegana.com\/en\/salud-y-sabor\/"},{"@type":"ListItem","position":3,"name":"Ingredientes Saludables"}]},{"@type":"WebSite","@id":"https:\/\/pizzavegana.com\/#website","url":"https:\/\/pizzavegana.com\/","name":"Pizza Vegana | Gluten Free | Colesterol Free | 100% Plant Based","description":"Vegan Pizzer\u00eda, Gluten Free, 100% Plant Based, Cholesterol Free","publisher":{"@id":"https:\/\/pizzavegana.com\/#organization"},"potentialAction":[{"@type":"SearchAction","target":{"@type":"EntryPoint","urlTemplate":"https:\/\/pizzavegana.com\/?s={search_term_string}"},"query-input":"required name=search_term_string"}],"inLanguage":"en-US"},{"@type":"Organization","@id":"https:\/\/pizzavegana.com\/#organization","name":"Pizza Vegana","url":"https:\/\/pizzavegana.com\/","logo":{"@type":"ImageObject","inLanguage":"en-US","@id":"https:\/\/pizzavegana.com\/#\/schema\/logo\/image\/","url":"https:\/\/pizzavegana.com\/wp-content\/uploads\/2020\/04\/pv_logo_.png","contentUrl":"https:\/\/pizzavegana.com\/wp-content\/uploads\/2020\/04\/pv_logo_.png","width":861,"height":382,"caption":"Pizza Vegana"},"image":{"@id":"https:\/\/pizzavegana.com\/#\/schema\/logo\/image\/"},"sameAs":["http:\/\/fb.com\/pizzavegana","http:\/\/instagram.com\/pizzavegana","http:\/\/linkedin.com\/company\/pizza-vegana"]}]}},"_links":{"self":[{"href":"https:\/\/pizzavegana.com\/en\/wp-json\/wp\/v2\/pages\/128"}],"collection":[{"href":"https:\/\/pizzavegana.com\/en\/wp-json\/wp\/v2\/pages"}],"about":[{"href":"https:\/\/pizzavegana.com\/en\/wp-json\/wp\/v2\/types\/page"}],"author":[{"embeddable":true,"href":"https:\/\/pizzavegana.com\/en\/wp-json\/wp\/v2\/users\/1"}],"replies":[{"embeddable":true,"href":"https:\/\/pizzavegana.com\/en\/wp-json\/wp\/v2\/comments?post=128"}],"version-history":[{"count":2,"href":"https:\/\/pizzavegana.com\/en\/wp-json\/wp\/v2\/pages\/128\/revisions"}],"predecessor-version":[{"id":130,"href":"https:\/\/pizzavegana.com\/en\/wp-json\/wp\/v2\/pages\/128\/revisions\/130"}],"up":[{"embeddable":true,"href":"https:\/\/pizzavegana.com\/en\/wp-json\/wp\/v2\/pages\/126"}],"wp:attachment":[{"href":"https:\/\/pizzavegana.com\/en\/wp-json\/wp\/v2\/media?parent=128"}],"curies":[{"name":"wp","href":"https:\/\/api.w.org\/{rel}","templated":true}]}}