{"id":2085,"date":"2018-06-01T21:27:32","date_gmt":"2018-06-02T00:27:32","guid":{"rendered":"http:\/\/pizzavegana.com\/?page_id=2085"},"modified":"2023-05-01T17:09:08","modified_gmt":"2023-05-01T20:09:08","slug":"terminos-y-condiciones-comunidad-consciente","status":"publish","type":"page","link":"https:\/\/pizzavegana.com\/en\/terminos-y-condiciones-comunidad-consciente\/","title":{"rendered":"Terminos y Condiciones Comunidad Consciente"},"content":{"rendered":"<p><b>TERMINOS Y CONDICIONES<\/b><\/p>\n<p><span style=\"font-weight: 400;\">1) La vigencia de esta comunidad es del 01 de Junio del 2018 al 1 de Junio del 2020 y est\u00e1 organizado por PizzaVegana.com<\/span><\/p>\n<p><span style=\"font-weight: 400;\">2) Podr\u00e1n participar de la comunidad todas las personas que hagan pedidos online a trav\u00e9s de nuestra web www.pizzavegana.com<\/span><\/p>\n<p><span style=\"font-weight: 400;\">3) La membres\u00eda a la <\/span><i><span style=\"font-weight: 400;\">COMUNIDAD<\/span><\/i><span style=\"font-weight: 400;\"> es estrictamente personal e intransferible. El uso inadecuado, impropio o en desacuerdo con las condiciones y t\u00e9rminos aqu\u00ed establecidos de cualquier miembro de la <\/span><i><span style=\"font-weight: 400;\">COMUNIDAD<\/span><\/i><span style=\"font-weight: 400;\">, podr\u00e1 significar la eliminaci\u00f3n del programa, con la correspondiente cancelaci\u00f3n de todos sus puntos.<\/span><\/p>\n<p><span style=\"font-weight: 400;\">4) A la hora de canjear tus puntos, no podr\u00e1n sumarse puntos de diferentes cuentas de la <\/span><i><span style=\"font-weight: 400;\">COMUNIDAD<\/span><\/i><span style=\"font-weight: 400;\">. Es decir, si al momento de canjear tus puntos, el socio no dispone de la cantidad suficiente de puntos.<\/span><\/p>\n<p><span style=\"font-weight: 400;\">5) Estos puntos no son canjeables ni acumulables con promociones fuera de las propuestas en la <\/span><i><span style=\"font-weight: 400;\">COMUNIDAD CONSCIENTE.<\/span><\/i><\/p>\n<p><i><span style=\"font-weight: 400;\">6) <\/span><\/i><span style=\"font-weight: 400;\">Pizza Vegana se reserva el derecho a dar por finalizado o suspender el programa <\/span><i><span style=\"font-weight: 400;\">COMUNIDAD CONSCIENTE<\/span><\/i><span style=\"font-weight: 400;\">, o modificar cualquier parte del mismo, incluyendo toda clase de premios y\/o beneficios, y mecanismos de canje de puntos en cualquier momento, caso en el cual enviar\u00e1 un aviso a los socios con 30 d\u00edas corridos de anticipaci\u00f3n.<\/span><\/p>\n<p><span style=\"font-weight: 400;\">7) En el caso de que Pizza Vegana termine o suspenda el programa <\/span><i><span style=\"font-weight: 400;\">COMUNIDAD CONSCIENTE<\/span><\/i><span style=\"font-weight: 400;\">, los miembros podr\u00e1n utilizar sus puntos acumulados durante el t\u00e9rmino de 60 d\u00edas. En caso de que el motivo del t\u00e9rmino del programa se deba a la declaraci\u00f3n de quiebra Pizza Vegana podr\u00e1 terminar o suspender el programa COMUNIDAD CONSCIENTE, cancelar y dejar sin valor alguno todos los puntos, premios y beneficios de inmediato, sin notificaci\u00f3n previa a los socios.<\/span><\/p>\n<p><span style=\"font-weight: 400;\">8) Pizza Vegana no ser\u00e1 responsable, en ning\u00fan caso, por p\u00e9rdidas o da\u00f1os que pudieran resultar de la conclusi\u00f3n del programa <\/span><i><span style=\"font-weight: 400;\">COMUNIDAD CONSCIENTE<\/span><\/i><span style=\"font-weight: 400;\"> o cambios o modificaciones del mismo.<\/span><\/p>\n<p><span style=\"font-weight: 400;\">9) Salvo por autorizaci\u00f3n de Pizza Vegana, la compra, venta, intercambio o transferencia de puntos, premios y\/o beneficios est\u00e1 absolutamente prohibida. Toda persona que sea sorprendida comprando, vendiendo, intercambiando o transfiriendo puntos, premios y\/o beneficios Pizza Vegana podr\u00e1 quitarle todos los puntos acumulables en su cuenta.<\/span><\/p>\n<p><i><span style=\"font-weight: 400;\">10) La participaci\u00f3n en la COMUNIDAD, est\u00e1 sujeta a estos t\u00e9rminos, condiciones, reglamentos, disposiciones, pol\u00edticas y procedimientos establecidos por Pizza Vegana. Todo abuso de los derechos del mismo, toda conducta contraria por parte de los clientes involucrados en la COMUNIDAD podr\u00e1 resultar en la anulaci\u00f3n del premio.<\/span><\/i><\/p>\n<p><i><span style=\"font-weight: 400;\"> 11) Por Cada punto generado en a\u00f1o calendario, acceder\u00e1s a distintas categor\u00edas que te permitir\u00e1n\u00a0sumar a\u00fan m\u00e1s puntos!<\/span><\/i><\/p>\n<p><b><i>Tierra (categor\u00eda inicial)<\/i><\/b><\/p>\n<p><i><span style=\"font-weight: 400;\">Acreditaci\u00f3n de pesos gastados ($) en puntos: <\/span><\/i><b><i>100%<\/i><\/b><\/p>\n<p><i><span style=\"font-weight: 400;\">Requisito para alcanzar categor\u00eda<\/span><\/i><i><span style=\"font-weight: 400;\">: \u00a00 a 20.000 puntos dentro de un mismo a\u00f1o calendario<\/span><\/i><\/p>\n<p><i><span style=\"font-weight: 400;\">Ejemplo de acreditaci\u00f3n de puntos<\/span><\/i><i><span style=\"font-weight: 400;\">: Gast\u00e1s<\/span><\/i><b><i> $100<\/i><\/b><i><span style=\"font-weight: 400;\">, se te acreditar\u00e1n <\/span><\/i><b><i>100puntos<\/i><\/b><i><span style=\"font-weight: 400;\">!<\/span><\/i><\/p>\n<p><b><i>Fuego (categor\u00eda 1)<\/i><\/b><\/p>\n<p><i><span style=\"font-weight: 400;\">Acreditaci\u00f3n de pesos gastados ($) en puntos: <\/span><\/i><b><i>125%<\/i><\/b><\/p>\n<p><i><span style=\"font-weight: 400;\">Requisito para alcanzar categor\u00eda<\/span><\/i><i><span style=\"font-weight: 400;\">: 20<\/span><\/i><b><i>.000 a 125.000<\/i><\/b><i><span style=\"font-weight: 400;\"> puntos dentro de un mismo a\u00f1o calendario<\/span><\/i><\/p>\n<p><i><span style=\"font-weight: 400;\">Ejemplo de acreditaci\u00f3n de puntos<\/span><\/i><i><span style=\"font-weight: 400;\">: Gast\u00e1s <\/span><\/i><b><i>$100<\/i><\/b><i><span style=\"font-weight: 400;\">, se te acreditar\u00e1n <\/span><\/i><b><i>125puntos<\/i><\/b><i><span style=\"font-weight: 400;\">!<\/span><\/i><\/p>\n<p><b><i>Viento (categor\u00eda 2)<\/i><\/b><\/p>\n<p><i><span style=\"font-weight: 400;\">Acreditaci\u00f3n de pesos gastados ($) en puntos: <\/span><\/i><b><i>150%<\/i><\/b><\/p>\n<p><i><span style=\"font-weight: 400;\">Requisito para alcanzar categor\u00eda<\/span><\/i><i><span style=\"font-weight: 400;\">: 125<\/span><\/i><b><i>.000 a 400.000<\/i><\/b><i><span style=\"font-weight: 400;\"> puntos dentro de un mismo a\u00f1o calendario<\/span><\/i><\/p>\n<p><i><span style=\"font-weight: 400;\">Ejemplo de acreditaci\u00f3n de puntos<\/span><\/i><i><span style=\"font-weight: 400;\">: Gast\u00e1s <\/span><\/i><b><i>$100<\/i><\/b><i><span style=\"font-weight: 400;\">, se te acreditar\u00e1n <\/span><\/i><b><i>150puntos<\/i><\/b><i><span style=\"font-weight: 400;\">!<\/span><\/i><\/p>\n<p><b><i>Agua (categor\u00eda 3)<\/i><\/b><\/p>\n<p><i><span style=\"font-weight: 400;\">Acreditaci\u00f3n de pesos gastados ($) en puntos: <\/span><\/i><b><i>200%<\/i><\/b><\/p>\n<p><i><span style=\"font-weight: 400;\">Requisito para alcanzar categor\u00eda<\/span><\/i><i><span style=\"font-weight: 400;\">: <\/span><\/i><b><i>400.000<\/i><\/b><i><span style=\"font-weight: 400;\"> puntos en adelante, dentro de un mismo a\u00f1o calendario<\/span><\/i><\/p>\n<p><i><span style=\"font-weight: 400;\">Ejemplo de acreditaci\u00f3n de puntos<\/span><\/i><i><span style=\"font-weight: 400;\">: Gast\u00e1s <\/span><\/i><b><i>$100<\/i><\/b><i><span style=\"font-weight: 400;\">, se te acreditar\u00e1n <\/span><\/i><b><i>200puntos<\/i><\/b><i><span style=\"font-weight: 400;\">!<\/span><\/i><\/p>\n<p><i><span style=\"font-weight: 400;\">Validez<\/span><\/i><i><span style=\"font-weight: 400;\">: desde el d\u00eda siguiente de alcanzado el requisito de categor\u00eda, hasta el a\u00f1o calendario completo siguiente.<\/span><\/i><\/p>\n<p><i><span style=\"font-weight: 400;\">Requisito Permanencia<\/span><\/i><i><span style=\"font-weight: 400;\">: Alcanzar al a\u00f1o siguiente de alcanzada la categor\u00eda la cantidad m\u00ednima de puntos segun corresponda, caso contrario se bajar\u00e1 de categor\u00eda a la m\u00e1xima que llegue por requisitos de puntos de alcance de categor\u00eda.<\/span><\/i><\/p>\n","protected":false},"excerpt":{"rendered":"<p>TERMINOS Y CONDICIONES 1) La vigencia de esta comunidad es del 01 de Junio del 2018 al 1 de Junio del 2020 y est\u00e1 organizado por PizzaVegana.com 2) Podr\u00e1n participar de la comunidad todas las personas que hagan pedidos online a trav\u00e9s de nuestra web www.pizzavegana.com 3) La membres\u00eda a la COMUNIDAD es estrictamente personal [&hellip;]<\/p>\n","protected":false},"author":1,"featured_media":0,"parent":0,"menu_order":0,"comment_status":"closed","ping_status":"closed","template":"","meta":{"footnotes":""},"translation":{"provider":"WPGlobus","version":"2.10.10","language":"en","enabled_languages":["es","en"],"languages":{"es":{"title":true,"content":true,"excerpt":false},"en":{"title":false,"content":false,"excerpt":false}}},"yoast_head":"<!-- This site is optimized with the Yoast SEO plugin v20.4 - https:\/\/yoast.com\/wordpress\/plugins\/seo\/ -->\n<title>Terminos y Condiciones Comunidad Consciente | Pizza Vegana | Gluten Free | Colesterol Free | 100% Plant Based %<\/title>\n<meta name=\"robots\" content=\"index, follow, max-snippet:-1, max-image-preview:large, max-video-preview:-1\" \/>\n<link rel=\"canonical\" href=\"https:\/\/pizzavegana.com\/terminos-y-condiciones-comunidad-consciente\/\" \/>\n<meta property=\"og:locale\" content=\"en_US\" \/>\n<meta property=\"og:type\" content=\"article\" \/>\n<meta property=\"og:title\" content=\"Terminos y Condiciones Comunidad Consciente | Pizza Vegana | Gluten Free | Colesterol Free | 100% Plant Based %\" \/>\n<meta property=\"og:url\" content=\"https:\/\/pizzavegana.com\/terminos-y-condiciones-comunidad-consciente\/\" \/>\n<meta property=\"og:site_name\" content=\"Pizza Vegana | Gluten Free | Colesterol Free | 100% Plant Based\" \/>\n<meta property=\"article:publisher\" content=\"http:\/\/fb.com\/pizzavegana\" \/>\n<meta property=\"article:modified_time\" content=\"2023-05-01T20:09:08+00:00\" \/>\n<meta name=\"twitter:card\" content=\"summary_large_image\" \/>\n<meta name=\"twitter:label1\" content=\"Est. reading time\" \/>\n\t<meta name=\"twitter:data1\" content=\"3 minutes\" \/>\n<script type=\"application\/ld+json\" class=\"yoast-schema-graph\">{\"@context\":\"https:\/\/schema.org\",\"@graph\":[{\"@type\":\"WebPage\",\"@id\":\"https:\/\/pizzavegana.com\/terminos-y-condiciones-comunidad-consciente\/\",\"url\":\"https:\/\/pizzavegana.com\/terminos-y-condiciones-comunidad-consciente\/\",\"name\":\"Terminos y Condiciones Comunidad Consciente | Pizza Vegana | Gluten Free | Colesterol Free | 100% Plant Based %\",\"isPartOf\":{\"@id\":\"https:\/\/pizzavegana.com\/#website\"},\"datePublished\":\"2018-06-02T00:27:32+00:00\",\"dateModified\":\"2023-05-01T20:09:08+00:00\",\"breadcrumb\":{\"@id\":\"https:\/\/pizzavegana.com\/terminos-y-condiciones-comunidad-consciente\/#breadcrumb\"},\"inLanguage\":\"en-US\",\"potentialAction\":[{\"@type\":\"ReadAction\",\"target\":[\"https:\/\/pizzavegana.com\/terminos-y-condiciones-comunidad-consciente\/\"]}]},{\"@type\":\"BreadcrumbList\",\"@id\":\"https:\/\/pizzavegana.com\/terminos-y-condiciones-comunidad-consciente\/#breadcrumb\",\"itemListElement\":[{\"@type\":\"ListItem\",\"position\":1,\"name\":\"Inicio\",\"item\":\"https:\/\/pizzavegana.com\/\"},{\"@type\":\"ListItem\",\"position\":2,\"name\":\"Terminos y Condiciones Comunidad Consciente\"}]},{\"@type\":\"WebSite\",\"@id\":\"https:\/\/pizzavegana.com\/#website\",\"url\":\"https:\/\/pizzavegana.com\/\",\"name\":\"Pizza Vegana | Gluten Free | Colesterol Free | 100% Plant Based\",\"description\":\"Vegan Pizzer\u00eda, Gluten Free, 100% Plant Based, Cholesterol Free\",\"publisher\":{\"@id\":\"https:\/\/pizzavegana.com\/#organization\"},\"potentialAction\":[{\"@type\":\"SearchAction\",\"target\":{\"@type\":\"EntryPoint\",\"urlTemplate\":\"https:\/\/pizzavegana.com\/?s={search_term_string}\"},\"query-input\":\"required name=search_term_string\"}],\"inLanguage\":\"en-US\"},{\"@type\":\"Organization\",\"@id\":\"https:\/\/pizzavegana.com\/#organization\",\"name\":\"Pizza Vegana\",\"url\":\"https:\/\/pizzavegana.com\/\",\"logo\":{\"@type\":\"ImageObject\",\"inLanguage\":\"en-US\",\"@id\":\"https:\/\/pizzavegana.com\/#\/schema\/logo\/image\/\",\"url\":\"https:\/\/pizzavegana.com\/wp-content\/uploads\/2020\/04\/pv_logo_.png\",\"contentUrl\":\"https:\/\/pizzavegana.com\/wp-content\/uploads\/2020\/04\/pv_logo_.png\",\"width\":861,\"height\":382,\"caption\":\"Pizza Vegana\"},\"image\":{\"@id\":\"https:\/\/pizzavegana.com\/#\/schema\/logo\/image\/\"},\"sameAs\":[\"http:\/\/fb.com\/pizzavegana\",\"http:\/\/instagram.com\/pizzavegana\",\"http:\/\/linkedin.com\/company\/pizza-vegana\"]}]}<\/script>\n<!-- \/ Yoast SEO plugin. -->","yoast_head_json":{"title":"Terminos y Condiciones Comunidad Consciente | Pizza Vegana | Gluten Free | Colesterol Free | 100% Plant Based %","robots":{"index":"index","follow":"follow","max-snippet":"max-snippet:-1","max-image-preview":"max-image-preview:large","max-video-preview":"max-video-preview:-1"},"canonical":"https:\/\/pizzavegana.com\/terminos-y-condiciones-comunidad-consciente\/","og_locale":"en_US","og_type":"article","og_title":"Terminos y Condiciones Comunidad Consciente | Pizza Vegana | Gluten Free | Colesterol Free | 100% Plant Based %","og_url":"https:\/\/pizzavegana.com\/terminos-y-condiciones-comunidad-consciente\/","og_site_name":"Pizza Vegana | Gluten Free | Colesterol Free | 100% Plant Based","article_publisher":"http:\/\/fb.com\/pizzavegana","article_modified_time":"2023-05-01T20:09:08+00:00","twitter_card":"summary_large_image","twitter_misc":{"Est. reading time":"3 minutes"},"schema":{"@context":"https:\/\/schema.org","@graph":[{"@type":"WebPage","@id":"https:\/\/pizzavegana.com\/terminos-y-condiciones-comunidad-consciente\/","url":"https:\/\/pizzavegana.com\/terminos-y-condiciones-comunidad-consciente\/","name":"Terminos y Condiciones Comunidad Consciente | Pizza Vegana | Gluten Free | Colesterol Free | 100% Plant Based %","isPartOf":{"@id":"https:\/\/pizzavegana.com\/#website"},"datePublished":"2018-06-02T00:27:32+00:00","dateModified":"2023-05-01T20:09:08+00:00","breadcrumb":{"@id":"https:\/\/pizzavegana.com\/terminos-y-condiciones-comunidad-consciente\/#breadcrumb"},"inLanguage":"en-US","potentialAction":[{"@type":"ReadAction","target":["https:\/\/pizzavegana.com\/terminos-y-condiciones-comunidad-consciente\/"]}]},{"@type":"BreadcrumbList","@id":"https:\/\/pizzavegana.com\/terminos-y-condiciones-comunidad-consciente\/#breadcrumb","itemListElement":[{"@type":"ListItem","position":1,"name":"Inicio","item":"https:\/\/pizzavegana.com\/"},{"@type":"ListItem","position":2,"name":"Terminos y Condiciones Comunidad Consciente"}]},{"@type":"WebSite","@id":"https:\/\/pizzavegana.com\/#website","url":"https:\/\/pizzavegana.com\/","name":"Pizza Vegana | Gluten Free | Colesterol Free | 100% Plant Based","description":"Vegan Pizzer\u00eda, Gluten Free, 100% Plant Based, Cholesterol Free","publisher":{"@id":"https:\/\/pizzavegana.com\/#organization"},"potentialAction":[{"@type":"SearchAction","target":{"@type":"EntryPoint","urlTemplate":"https:\/\/pizzavegana.com\/?s={search_term_string}"},"query-input":"required name=search_term_string"}],"inLanguage":"en-US"},{"@type":"Organization","@id":"https:\/\/pizzavegana.com\/#organization","name":"Pizza Vegana","url":"https:\/\/pizzavegana.com\/","logo":{"@type":"ImageObject","inLanguage":"en-US","@id":"https:\/\/pizzavegana.com\/#\/schema\/logo\/image\/","url":"https:\/\/pizzavegana.com\/wp-content\/uploads\/2020\/04\/pv_logo_.png","contentUrl":"https:\/\/pizzavegana.com\/wp-content\/uploads\/2020\/04\/pv_logo_.png","width":861,"height":382,"caption":"Pizza Vegana"},"image":{"@id":"https:\/\/pizzavegana.com\/#\/schema\/logo\/image\/"},"sameAs":["http:\/\/fb.com\/pizzavegana","http:\/\/instagram.com\/pizzavegana","http:\/\/linkedin.com\/company\/pizza-vegana"]}]}},"_links":{"self":[{"href":"https:\/\/pizzavegana.com\/en\/wp-json\/wp\/v2\/pages\/2085"}],"collection":[{"href":"https:\/\/pizzavegana.com\/en\/wp-json\/wp\/v2\/pages"}],"about":[{"href":"https:\/\/pizzavegana.com\/en\/wp-json\/wp\/v2\/types\/page"}],"author":[{"embeddable":true,"href":"https:\/\/pizzavegana.com\/en\/wp-json\/wp\/v2\/users\/1"}],"replies":[{"embeddable":true,"href":"https:\/\/pizzavegana.com\/en\/wp-json\/wp\/v2\/comments?post=2085"}],"version-history":[{"count":4,"href":"https:\/\/pizzavegana.com\/en\/wp-json\/wp\/v2\/pages\/2085\/revisions"}],"predecessor-version":[{"id":7283,"href":"https:\/\/pizzavegana.com\/en\/wp-json\/wp\/v2\/pages\/2085\/revisions\/7283"}],"wp:attachment":[{"href":"https:\/\/pizzavegana.com\/en\/wp-json\/wp\/v2\/media?parent=2085"}],"curies":[{"name":"wp","href":"https:\/\/api.w.org\/{rel}","templated":true}]}}