{"id":58,"date":"2017-01-21T01:16:59","date_gmt":"2017-01-21T04:16:59","guid":{"rendered":"http:\/\/pizzavegana.com\/?page_id=58"},"modified":"2017-01-29T00:32:45","modified_gmt":"2017-01-29T03:32:45","slug":"quienes-somos","status":"publish","type":"page","link":"https:\/\/pizzavegana.com\/en\/nuestra-historia\/quienes-somos\/","title":{"rendered":"Who Are We?"},"content":{"rendered":"<div class=\"paragraph\">\n<div class=\"paragraph\"><span style=\"color: #508d24;\"><strong><img decoding=\"async\" loading=\"lazy\" class=\"alignnone size-full wp-image-59 alignleft\" src=\"http:\/\/pizzavegana.com\/wp-content\/uploads\/2017\/01\/1ra.jpg\" alt=\"\" width=\"158\" height=\"159\" srcset=\"https:\/\/pizzavegana.com\/wp-content\/uploads\/2017\/01\/1ra.jpg 158w, https:\/\/pizzavegana.com\/wp-content\/uploads\/2017\/01\/1ra-80x80.jpg 80w, https:\/\/pizzavegana.com\/wp-content\/uploads\/2017\/01\/1ra-36x36.jpg 36w, https:\/\/pizzavegana.com\/wp-content\/uploads\/2017\/01\/1ra-120x120.jpg 120w\" sizes=\"(max-width: 158px) 100vw, 158px\" \/>AMIGOS ANTE TODO<\/strong><br \/>\n<\/span>Los creadores de\u00a0PIZZA VEGANA\u00a0no solo somos socios, sino que principalmente somos amigos. El proyecto naci\u00f3 producto de dicha amistad y todos somos parte de la misma ideolog\u00eda. Primeramente comenzamos en el \u00e1mbito de la gastronom\u00eda cocinando en nuestra casa para amigos y conocidos.\u00a0En dicho proyecto intentamos fomentar el veganismo a trav\u00e9s de una alimentaci\u00f3n que combinara la salud junto con el disfrute del paladar. Al cabo de un tiempo descubrimos que las personas que m\u00e1s volv\u00edan a visitarnos eran las no veganas, y esto nos permiti\u00f3 entender que nuestra cocina deb\u00eda estar apuntada hacia todo el mundo y no solo veganos o vegetarianos.<\/div>\n<hr \/>\n<div class=\"paragraph\"><span style=\"color: #508d24;\"><strong><img decoding=\"async\" loading=\"lazy\" class=\"size-full wp-image-60 alignleft\" src=\"http:\/\/pizzavegana.com\/wp-content\/uploads\/2017\/01\/2da.gif\" alt=\"\" width=\"160\" height=\"146\" \/>IDEALES EN COM\u00daN<\/strong><br \/>\n<\/span>En un mundo que prioriza el dinero por sobre todas las cosas es bueno encontrar otros motores que nos impulsen, y eso es exactamente lo que ocurre con nosotros. Entendemos el dinero como un medio y no un fin. Es nuestro medio para poder hacer crecer nuestra empresa y llegar a m\u00e1s y m\u00e1s lugares.<br \/>\nEntendemos nuestro fin como la ayuda al planeta y a cada ser que en \u00e9l habita. Ayuda a la tierra, a los animales y a los seres humanos.\u00a0PIZZA VEGANA\u00a0es la resultante de dicho entendimiento, queriendo entrar por la puerta de cada hogar con un producto sano, rico y con amor para ayudar a despertar el planeta.<\/div>\n<hr \/>\n<div class=\"paragraph\"><span style=\"color: #508d24;\"><strong><img decoding=\"async\" loading=\"lazy\" class=\"size-full wp-image-61 alignleft\" src=\"http:\/\/pizzavegana.com\/wp-content\/uploads\/2017\/01\/3ra.png\" alt=\"\" width=\"159\" height=\"159\" srcset=\"https:\/\/pizzavegana.com\/wp-content\/uploads\/2017\/01\/3ra.png 159w, https:\/\/pizzavegana.com\/wp-content\/uploads\/2017\/01\/3ra-80x80.png 80w, https:\/\/pizzavegana.com\/wp-content\/uploads\/2017\/01\/3ra-36x36.png 36w, https:\/\/pizzavegana.com\/wp-content\/uploads\/2017\/01\/3ra-120x120.png 120w\" sizes=\"(max-width: 159px) 100vw, 159px\" \/>VEGANOS QUE ALGUNA VEZ NO LO FUIMOS<\/strong><\/span><br \/>\nSomos veganos pero no juzgamos a aquellos que no lo son, por el contrario les abrimos nuestro coraz\u00f3n y nuestra cocina. Somos personas con conciencia no solo por los animales sino tambi\u00e9n por los seres humanos y todas las especies que habitan en nuestro planeta. Por eso es que nuestro producto esta pensado para todos. Cada vez que alguien elige\u00a0PIZZA VEGANA\u00a0esta eligiendo un producto sano, consciente, apuntado al bienestar y al placer de quien lo consume. Ese es nuestro deseo y esa es la energ\u00eda que deseamos transmitir con cada bocado de nuestras pizzas.<\/div>\n<hr \/>\n<div class=\"paragraph\"><span style=\"color: #508d24;\"><strong><img decoding=\"async\" loading=\"lazy\" class=\"alignnone size-full wp-image-34 alignleft\" src=\"http:\/\/pizzavegana.com\/wp-content\/uploads\/2016\/09\/4ta.jpg\" alt=\"\" width=\"160\" height=\"138\" \/>PENSAMOS EN EL OTRO<\/strong><\/span><br \/>\nPensamos en vos!\u00a0PIZZA VEGANA\u00a0fue creada con la intenci\u00f3n de brindar un producto sano, rico y ecol\u00f3gico para todos. Combinamos la idea de ofrecer un producto completo a todo nivel. No tenemos l\u00edmites ni barreras! PIZZA VEGANA sigue creciendo y esperamos conquistar el mundo de la gastronom\u00eda a trav\u00e9s de nuestro ideal: &#8220;bueno, rico y sano tanto para los seres humanos como para todo el planeta&#8221;<\/div>\n<\/div>\n","protected":false},"excerpt":{"rendered":"<p>AMIGOS ANTE TODO Los creadores de\u00a0PIZZA VEGANA\u00a0no solo somos socios, sino que principalmente somos amigos. El proyecto naci\u00f3 producto de dicha amistad y todos somos parte de la misma ideolog\u00eda. Primeramente comenzamos en el \u00e1mbito de la gastronom\u00eda cocinando en nuestra casa para amigos y conocidos.\u00a0En dicho proyecto intentamos fomentar el veganismo a trav\u00e9s de [&hellip;]<\/p>\n","protected":false},"author":1,"featured_media":0,"parent":19,"menu_order":0,"comment_status":"closed","ping_status":"closed","template":"","meta":{"footnotes":""},"translation":{"provider":"WPGlobus","version":"2.10.10","language":"en","enabled_languages":["es","en"],"languages":{"es":{"title":true,"content":true,"excerpt":false},"en":{"title":true,"content":false,"excerpt":false}}},"yoast_head":"<!-- This site is optimized with the Yoast SEO plugin v20.4 - https:\/\/yoast.com\/wordpress\/plugins\/seo\/ -->\n<title>Who Are We? | Pizza Vegana | Gluten Free | Colesterol Free | 100% Plant Based %<\/title>\n<meta name=\"robots\" content=\"index, follow, max-snippet:-1, max-image-preview:large, max-video-preview:-1\" \/>\n<link rel=\"canonical\" href=\"https:\/\/pizzavegana.com\/nuestra-historia\/quienes-somos\/\" \/>\n<meta property=\"og:locale\" content=\"en_US\" \/>\n<meta property=\"og:type\" content=\"article\" \/>\n<meta property=\"og:title\" content=\"Who Are We? | Pizza Vegana | Gluten Free | Colesterol Free | 100% Plant Based %\" \/>\n<meta property=\"og:url\" content=\"https:\/\/pizzavegana.com\/nuestra-historia\/quienes-somos\/\" \/>\n<meta property=\"og:site_name\" content=\"Pizza Vegana | Gluten Free | Colesterol Free | 100% Plant Based\" \/>\n<meta property=\"article:publisher\" content=\"http:\/\/fb.com\/pizzavegana\" \/>\n<meta property=\"article:modified_time\" content=\"2017-01-29T03:32:45+00:00\" \/>\n<meta property=\"og:image\" content=\"http:\/\/pizzavegana.com\/wp-content\/uploads\/2017\/01\/1ra.jpg\" \/>\n<meta name=\"twitter:card\" content=\"summary_large_image\" \/>\n<meta name=\"twitter:label1\" content=\"Est. reading time\" \/>\n\t<meta name=\"twitter:data1\" content=\"2 minutes\" \/>\n<script type=\"application\/ld+json\" class=\"yoast-schema-graph\">{\"@context\":\"https:\/\/schema.org\",\"@graph\":[{\"@type\":\"WebPage\",\"@id\":\"https:\/\/pizzavegana.com\/nuestra-historia\/quienes-somos\/\",\"url\":\"https:\/\/pizzavegana.com\/nuestra-historia\/quienes-somos\/\",\"name\":\"Who Are We? | Pizza Vegana | Gluten Free | Colesterol Free | 100% Plant Based %\",\"isPartOf\":{\"@id\":\"https:\/\/pizzavegana.com\/#website\"},\"datePublished\":\"2017-01-21T04:16:59+00:00\",\"dateModified\":\"2017-01-29T03:32:45+00:00\",\"breadcrumb\":{\"@id\":\"https:\/\/pizzavegana.com\/nuestra-historia\/quienes-somos\/#breadcrumb\"},\"inLanguage\":\"en-US\",\"potentialAction\":[{\"@type\":\"ReadAction\",\"target\":[\"https:\/\/pizzavegana.com\/nuestra-historia\/quienes-somos\/\"]}]},{\"@type\":\"BreadcrumbList\",\"@id\":\"https:\/\/pizzavegana.com\/nuestra-historia\/quienes-somos\/#breadcrumb\",\"itemListElement\":[{\"@type\":\"ListItem\",\"position\":1,\"name\":\"Inicio\",\"item\":\"https:\/\/pizzavegana.com\/\"},{\"@type\":\"ListItem\",\"position\":2,\"name\":\"Nuestra Historia\",\"item\":\"https:\/\/pizzavegana.com\/nuestra-historia\/\"},{\"@type\":\"ListItem\",\"position\":3,\"name\":\"\u00bfQuienes Somos?\"}]},{\"@type\":\"WebSite\",\"@id\":\"https:\/\/pizzavegana.com\/#website\",\"url\":\"https:\/\/pizzavegana.com\/\",\"name\":\"Pizza Vegana | Gluten Free | Colesterol Free | 100% Plant Based\",\"description\":\"Vegan Pizzer\u00eda, Gluten Free, 100% Plant Based, Cholesterol Free\",\"publisher\":{\"@id\":\"https:\/\/pizzavegana.com\/#organization\"},\"potentialAction\":[{\"@type\":\"SearchAction\",\"target\":{\"@type\":\"EntryPoint\",\"urlTemplate\":\"https:\/\/pizzavegana.com\/?s={search_term_string}\"},\"query-input\":\"required name=search_term_string\"}],\"inLanguage\":\"en-US\"},{\"@type\":\"Organization\",\"@id\":\"https:\/\/pizzavegana.com\/#organization\",\"name\":\"Pizza Vegana\",\"url\":\"https:\/\/pizzavegana.com\/\",\"logo\":{\"@type\":\"ImageObject\",\"inLanguage\":\"en-US\",\"@id\":\"https:\/\/pizzavegana.com\/#\/schema\/logo\/image\/\",\"url\":\"https:\/\/pizzavegana.com\/wp-content\/uploads\/2020\/04\/pv_logo_.png\",\"contentUrl\":\"https:\/\/pizzavegana.com\/wp-content\/uploads\/2020\/04\/pv_logo_.png\",\"width\":861,\"height\":382,\"caption\":\"Pizza Vegana\"},\"image\":{\"@id\":\"https:\/\/pizzavegana.com\/#\/schema\/logo\/image\/\"},\"sameAs\":[\"http:\/\/fb.com\/pizzavegana\",\"http:\/\/instagram.com\/pizzavegana\",\"http:\/\/linkedin.com\/company\/pizza-vegana\"]}]}<\/script>\n<!-- \/ Yoast SEO plugin. -->","yoast_head_json":{"title":"Who Are We? | Pizza Vegana | Gluten Free | Colesterol Free | 100% Plant Based %","robots":{"index":"index","follow":"follow","max-snippet":"max-snippet:-1","max-image-preview":"max-image-preview:large","max-video-preview":"max-video-preview:-1"},"canonical":"https:\/\/pizzavegana.com\/nuestra-historia\/quienes-somos\/","og_locale":"en_US","og_type":"article","og_title":"Who Are We? | Pizza Vegana | Gluten Free | Colesterol Free | 100% Plant Based %","og_url":"https:\/\/pizzavegana.com\/nuestra-historia\/quienes-somos\/","og_site_name":"Pizza Vegana | Gluten Free | Colesterol Free | 100% Plant Based","article_publisher":"http:\/\/fb.com\/pizzavegana","article_modified_time":"2017-01-29T03:32:45+00:00","og_image":[{"url":"http:\/\/pizzavegana.com\/wp-content\/uploads\/2017\/01\/1ra.jpg"}],"twitter_card":"summary_large_image","twitter_misc":{"Est. reading time":"2 minutes"},"schema":{"@context":"https:\/\/schema.org","@graph":[{"@type":"WebPage","@id":"https:\/\/pizzavegana.com\/nuestra-historia\/quienes-somos\/","url":"https:\/\/pizzavegana.com\/nuestra-historia\/quienes-somos\/","name":"Who Are We? | Pizza Vegana | Gluten Free | Colesterol Free | 100% Plant Based %","isPartOf":{"@id":"https:\/\/pizzavegana.com\/#website"},"datePublished":"2017-01-21T04:16:59+00:00","dateModified":"2017-01-29T03:32:45+00:00","breadcrumb":{"@id":"https:\/\/pizzavegana.com\/nuestra-historia\/quienes-somos\/#breadcrumb"},"inLanguage":"en-US","potentialAction":[{"@type":"ReadAction","target":["https:\/\/pizzavegana.com\/nuestra-historia\/quienes-somos\/"]}]},{"@type":"BreadcrumbList","@id":"https:\/\/pizzavegana.com\/nuestra-historia\/quienes-somos\/#breadcrumb","itemListElement":[{"@type":"ListItem","position":1,"name":"Inicio","item":"https:\/\/pizzavegana.com\/"},{"@type":"ListItem","position":2,"name":"Nuestra Historia","item":"https:\/\/pizzavegana.com\/nuestra-historia\/"},{"@type":"ListItem","position":3,"name":"\u00bfQuienes Somos?"}]},{"@type":"WebSite","@id":"https:\/\/pizzavegana.com\/#website","url":"https:\/\/pizzavegana.com\/","name":"Pizza Vegana | Gluten Free | Colesterol Free | 100% Plant Based","description":"Vegan Pizzer\u00eda, Gluten Free, 100% Plant Based, Cholesterol Free","publisher":{"@id":"https:\/\/pizzavegana.com\/#organization"},"potentialAction":[{"@type":"SearchAction","target":{"@type":"EntryPoint","urlTemplate":"https:\/\/pizzavegana.com\/?s={search_term_string}"},"query-input":"required name=search_term_string"}],"inLanguage":"en-US"},{"@type":"Organization","@id":"https:\/\/pizzavegana.com\/#organization","name":"Pizza Vegana","url":"https:\/\/pizzavegana.com\/","logo":{"@type":"ImageObject","inLanguage":"en-US","@id":"https:\/\/pizzavegana.com\/#\/schema\/logo\/image\/","url":"https:\/\/pizzavegana.com\/wp-content\/uploads\/2020\/04\/pv_logo_.png","contentUrl":"https:\/\/pizzavegana.com\/wp-content\/uploads\/2020\/04\/pv_logo_.png","width":861,"height":382,"caption":"Pizza Vegana"},"image":{"@id":"https:\/\/pizzavegana.com\/#\/schema\/logo\/image\/"},"sameAs":["http:\/\/fb.com\/pizzavegana","http:\/\/instagram.com\/pizzavegana","http:\/\/linkedin.com\/company\/pizza-vegana"]}]}},"_links":{"self":[{"href":"https:\/\/pizzavegana.com\/en\/wp-json\/wp\/v2\/pages\/58"}],"collection":[{"href":"https:\/\/pizzavegana.com\/en\/wp-json\/wp\/v2\/pages"}],"about":[{"href":"https:\/\/pizzavegana.com\/en\/wp-json\/wp\/v2\/types\/page"}],"author":[{"embeddable":true,"href":"https:\/\/pizzavegana.com\/en\/wp-json\/wp\/v2\/users\/1"}],"replies":[{"embeddable":true,"href":"https:\/\/pizzavegana.com\/en\/wp-json\/wp\/v2\/comments?post=58"}],"version-history":[{"count":7,"href":"https:\/\/pizzavegana.com\/en\/wp-json\/wp\/v2\/pages\/58\/revisions"}],"predecessor-version":[{"id":151,"href":"https:\/\/pizzavegana.com\/en\/wp-json\/wp\/v2\/pages\/58\/revisions\/151"}],"up":[{"embeddable":true,"href":"https:\/\/pizzavegana.com\/en\/wp-json\/wp\/v2\/pages\/19"}],"wp:attachment":[{"href":"https:\/\/pizzavegana.com\/en\/wp-json\/wp\/v2\/media?parent=58"}],"curies":[{"name":"wp","href":"https:\/\/api.w.org\/{rel}","templated":true}]}}