{"id":67,"date":"2017-01-21T01:31:06","date_gmt":"2017-01-21T04:31:06","guid":{"rendered":"http:\/\/pizzavegana.com\/?page_id=67"},"modified":"2017-01-28T13:37:15","modified_gmt":"2017-01-28T16:37:15","slug":"nuestra-mision","status":"publish","type":"page","link":"https:\/\/pizzavegana.com\/en\/nuestra-historia\/nuestra-mision\/","title":{"rendered":"Our Mission"},"content":{"rendered":"<div class=\"paragraph\"><span style=\"color: #508d24;\"><strong><img decoding=\"async\" loading=\"lazy\" class=\"alignnone size-full wp-image-68 alignleft\" src=\"http:\/\/pizzavegana.com\/wp-content\/uploads\/2017\/01\/conciencia.jpg\" alt=\"\" width=\"157\" height=\"156\" srcset=\"https:\/\/pizzavegana.com\/wp-content\/uploads\/2017\/01\/conciencia.jpg 157w, https:\/\/pizzavegana.com\/wp-content\/uploads\/2017\/01\/conciencia-80x80.jpg 80w, https:\/\/pizzavegana.com\/wp-content\/uploads\/2017\/01\/conciencia-36x36.jpg 36w, https:\/\/pizzavegana.com\/wp-content\/uploads\/2017\/01\/conciencia-120x120.jpg 120w\" sizes=\"(max-width: 157px) 100vw, 157px\" \/>GENERAR CONCIENCIA<\/strong><br \/>\n<\/span><br \/>\nSomos un grupo de personas con un objetivo com\u00fan: generar conciencia. Para hacerlo decidimos recrear un alimento popular como la pizza en una versi\u00f3n sana y deliciosa.<br \/>\nNuestra\u00a0experiencia previa en restaurantes y cocina\u00a0nos abri\u00f3 los ojos a entender que todos los sabores pueden ser reproducidos, y que utilizando productos nutritivos de buena calidad podemos crear\u00a0sabores m\u00e1s all\u00e1 de lo imaginado y existente.<\/div>\n<hr \/>\n<p><span style=\"color: #508d24;\"><strong><img decoding=\"async\" loading=\"lazy\" class=\"alignnone size-full wp-image-69 alignleft\" src=\"http:\/\/pizzavegana.com\/wp-content\/uploads\/2017\/01\/unir.jpg\" alt=\"\" width=\"159\" height=\"159\" srcset=\"https:\/\/pizzavegana.com\/wp-content\/uploads\/2017\/01\/unir.jpg 159w, https:\/\/pizzavegana.com\/wp-content\/uploads\/2017\/01\/unir-80x80.jpg 80w, https:\/\/pizzavegana.com\/wp-content\/uploads\/2017\/01\/unir-36x36.jpg 36w, https:\/\/pizzavegana.com\/wp-content\/uploads\/2017\/01\/unir-120x120.jpg 120w\" sizes=\"(max-width: 159px) 100vw, 159px\" \/>UNIR Y NO SEPARAR<\/strong><br \/>\n<\/span><br \/>\nNuestra experiencia nos ense\u00f1\u00f3 a pensar en positivo siempre. Entendemos que el amor es la fuerza m\u00e1s poderosa y por eso intentamos aplicar dicha energ\u00eda a cada cosa que hacemos.<br \/>\n<span style=\"color: #818181;\">PIZZA VEGANA<\/span>\u00a0es un producto pensado para todos: no importa quien seas, que hagas o qu\u00e9 comas a diario\u00a0<span style=\"color: #818181;\">nuestra pizza\u00a0<\/span>fue hecha para todos puedan consumirla y a todos les resulte sabrosa.<br \/>\nCada vez que alguien nos elige nosotros tambi\u00e9n los elegimos, porque damos un poco de nosotros para mejorar el mundo y tomamos de ustedes para poder realizar nuestro trabajo. Por eso seas quien seas te decimos gracias por elegirnos y te extendemos en nuestra mano una pizza casera, org\u00e1nica y natural hecha con amor.<\/p>\n<hr \/>\n<p><span style=\"color: #508d24;\"><strong><img decoding=\"async\" loading=\"lazy\" class=\"alignnone size-full wp-image-70 alignleft\" src=\"http:\/\/pizzavegana.com\/wp-content\/uploads\/2017\/01\/ayudar.gif\" alt=\"\" width=\"154\" height=\"177\" \/>AYUDAR EL PLANETA<\/strong><br \/>\n<\/span><br \/>\nVivimos en un mundo de competencia y de alienaci\u00f3n, en el que hacemos un mont\u00f3n de cosas sin darnos cuenta. En el medio de toda esta vor\u00e1gine, se necesita de personas con pasi\u00f3n por atender aquellos temas olvidados de los cuales todos dependemos. Si bien nuestro sue\u00f1o es que alg\u00fan d\u00eda todos podemos entender la necesidad de cuidar al planeta y a todas las especies que en \u00e9l habitan, hoy entendemos que eso no es posible. Sin embargo, creemos en la raza humana como un equipo y es por eso que desde nuestro lugar intentamos aportar con nuestro granito de arena, porci\u00f3n a porci\u00f3n.<\/p>\n<hr \/>\n<p><span style=\"color: #508d24;\"><strong><img decoding=\"async\" loading=\"lazy\" class=\"alignnone size-full wp-image-71 alignleft\" src=\"http:\/\/pizzavegana.com\/wp-content\/uploads\/2017\/01\/contagiar.jpg\" alt=\"\" width=\"151\" height=\"151\" srcset=\"https:\/\/pizzavegana.com\/wp-content\/uploads\/2017\/01\/contagiar.jpg 151w, https:\/\/pizzavegana.com\/wp-content\/uploads\/2017\/01\/contagiar-80x80.jpg 80w, https:\/\/pizzavegana.com\/wp-content\/uploads\/2017\/01\/contagiar-36x36.jpg 36w, https:\/\/pizzavegana.com\/wp-content\/uploads\/2017\/01\/contagiar-120x120.jpg 120w\" sizes=\"(max-width: 151px) 100vw, 151px\" \/>CONTAGIAR DE LO BUENO<\/strong><br \/>\n<\/span><br \/>\nSentimos la energ\u00eda que se puede transmitir a trav\u00e9s de distintas acciones.\u00a0Por eso es que cuidamos tanto de la elecci\u00f3n de los alimentos que ofrecemos como tambi\u00e9n de la energ\u00eda que les transmitimos.<br \/>\nNuestra cocina es un lugar cuidado y feliz.\u00a0Mantenemos la tranquilidad y la alegr\u00eda de nuestro lugar de trabajo para que cuando consumas una de nuestras pizzas te nutras no solo de lo que se ve, sino tambi\u00e9n de lo que no se ve.<br \/>\nCuando consum\u00eds PIZZA VEGANA te asegur\u00e1s de consumir algo casero hecho con amor, un ingrediente oculto que muchas veces no se ve pero que est\u00e1 presente en cada una de nuestras creaciones.<\/p>\n","protected":false},"excerpt":{"rendered":"<p>GENERAR CONCIENCIA Somos un grupo de personas con un objetivo com\u00fan: generar conciencia. Para hacerlo decidimos recrear un alimento popular como la pizza en una versi\u00f3n sana y deliciosa. Nuestra\u00a0experiencia previa en restaurantes y cocina\u00a0nos abri\u00f3 los ojos a entender que todos los sabores pueden ser reproducidos, y que utilizando productos nutritivos de buena calidad [&hellip;]<\/p>\n","protected":false},"author":1,"featured_media":0,"parent":19,"menu_order":0,"comment_status":"closed","ping_status":"closed","template":"","meta":{"footnotes":""},"translation":{"provider":"WPGlobus","version":"2.10.10","language":"en","enabled_languages":["es","en"],"languages":{"es":{"title":true,"content":true,"excerpt":false},"en":{"title":true,"content":false,"excerpt":false}}},"yoast_head":"<!-- This site is optimized with the Yoast SEO plugin v20.4 - https:\/\/yoast.com\/wordpress\/plugins\/seo\/ -->\n<title>Our Mission | Pizza Vegana | Gluten Free | Colesterol Free | 100% Plant Based %<\/title>\n<meta name=\"robots\" content=\"index, follow, max-snippet:-1, max-image-preview:large, max-video-preview:-1\" \/>\n<link rel=\"canonical\" href=\"https:\/\/pizzavegana.com\/nuestra-historia\/nuestra-mision\/\" \/>\n<meta property=\"og:locale\" content=\"en_US\" \/>\n<meta property=\"og:type\" content=\"article\" \/>\n<meta property=\"og:title\" content=\"Our Mission | Pizza Vegana | Gluten Free | Colesterol Free | 100% Plant Based %\" \/>\n<meta property=\"og:url\" content=\"https:\/\/pizzavegana.com\/nuestra-historia\/nuestra-mision\/\" \/>\n<meta property=\"og:site_name\" content=\"Pizza Vegana | Gluten Free | Colesterol Free | 100% Plant Based\" \/>\n<meta property=\"article:publisher\" content=\"http:\/\/fb.com\/pizzavegana\" \/>\n<meta property=\"article:modified_time\" content=\"2017-01-28T16:37:15+00:00\" \/>\n<meta property=\"og:image\" content=\"http:\/\/pizzavegana.com\/wp-content\/uploads\/2017\/01\/conciencia.jpg\" \/>\n<meta name=\"twitter:card\" content=\"summary_large_image\" \/>\n<meta name=\"twitter:label1\" content=\"Est. reading time\" \/>\n\t<meta name=\"twitter:data1\" content=\"2 minutes\" \/>\n<script type=\"application\/ld+json\" class=\"yoast-schema-graph\">{\"@context\":\"https:\/\/schema.org\",\"@graph\":[{\"@type\":\"WebPage\",\"@id\":\"https:\/\/pizzavegana.com\/nuestra-historia\/nuestra-mision\/\",\"url\":\"https:\/\/pizzavegana.com\/nuestra-historia\/nuestra-mision\/\",\"name\":\"Our Mission | Pizza Vegana | Gluten Free | Colesterol Free | 100% Plant Based %\",\"isPartOf\":{\"@id\":\"https:\/\/pizzavegana.com\/#website\"},\"datePublished\":\"2017-01-21T04:31:06+00:00\",\"dateModified\":\"2017-01-28T16:37:15+00:00\",\"breadcrumb\":{\"@id\":\"https:\/\/pizzavegana.com\/nuestra-historia\/nuestra-mision\/#breadcrumb\"},\"inLanguage\":\"en-US\",\"potentialAction\":[{\"@type\":\"ReadAction\",\"target\":[\"https:\/\/pizzavegana.com\/nuestra-historia\/nuestra-mision\/\"]}]},{\"@type\":\"BreadcrumbList\",\"@id\":\"https:\/\/pizzavegana.com\/nuestra-historia\/nuestra-mision\/#breadcrumb\",\"itemListElement\":[{\"@type\":\"ListItem\",\"position\":1,\"name\":\"Inicio\",\"item\":\"https:\/\/pizzavegana.com\/\"},{\"@type\":\"ListItem\",\"position\":2,\"name\":\"Nuestra Historia\",\"item\":\"https:\/\/pizzavegana.com\/nuestra-historia\/\"},{\"@type\":\"ListItem\",\"position\":3,\"name\":\"Nuestra Misi\u00f3n\"}]},{\"@type\":\"WebSite\",\"@id\":\"https:\/\/pizzavegana.com\/#website\",\"url\":\"https:\/\/pizzavegana.com\/\",\"name\":\"Pizza Vegana | Gluten Free | Colesterol Free | 100% Plant Based\",\"description\":\"Vegan Pizzer\u00eda, Gluten Free, 100% Plant Based, Cholesterol Free\",\"publisher\":{\"@id\":\"https:\/\/pizzavegana.com\/#organization\"},\"potentialAction\":[{\"@type\":\"SearchAction\",\"target\":{\"@type\":\"EntryPoint\",\"urlTemplate\":\"https:\/\/pizzavegana.com\/?s={search_term_string}\"},\"query-input\":\"required name=search_term_string\"}],\"inLanguage\":\"en-US\"},{\"@type\":\"Organization\",\"@id\":\"https:\/\/pizzavegana.com\/#organization\",\"name\":\"Pizza Vegana\",\"url\":\"https:\/\/pizzavegana.com\/\",\"logo\":{\"@type\":\"ImageObject\",\"inLanguage\":\"en-US\",\"@id\":\"https:\/\/pizzavegana.com\/#\/schema\/logo\/image\/\",\"url\":\"https:\/\/pizzavegana.com\/wp-content\/uploads\/2020\/04\/pv_logo_.png\",\"contentUrl\":\"https:\/\/pizzavegana.com\/wp-content\/uploads\/2020\/04\/pv_logo_.png\",\"width\":861,\"height\":382,\"caption\":\"Pizza Vegana\"},\"image\":{\"@id\":\"https:\/\/pizzavegana.com\/#\/schema\/logo\/image\/\"},\"sameAs\":[\"http:\/\/fb.com\/pizzavegana\",\"http:\/\/instagram.com\/pizzavegana\",\"http:\/\/linkedin.com\/company\/pizza-vegana\"]}]}<\/script>\n<!-- \/ Yoast SEO plugin. -->","yoast_head_json":{"title":"Our Mission | Pizza Vegana | Gluten Free | Colesterol Free | 100% Plant Based %","robots":{"index":"index","follow":"follow","max-snippet":"max-snippet:-1","max-image-preview":"max-image-preview:large","max-video-preview":"max-video-preview:-1"},"canonical":"https:\/\/pizzavegana.com\/nuestra-historia\/nuestra-mision\/","og_locale":"en_US","og_type":"article","og_title":"Our Mission | Pizza Vegana | Gluten Free | Colesterol Free | 100% Plant Based %","og_url":"https:\/\/pizzavegana.com\/nuestra-historia\/nuestra-mision\/","og_site_name":"Pizza Vegana | Gluten Free | Colesterol Free | 100% Plant Based","article_publisher":"http:\/\/fb.com\/pizzavegana","article_modified_time":"2017-01-28T16:37:15+00:00","og_image":[{"url":"http:\/\/pizzavegana.com\/wp-content\/uploads\/2017\/01\/conciencia.jpg"}],"twitter_card":"summary_large_image","twitter_misc":{"Est. reading time":"2 minutes"},"schema":{"@context":"https:\/\/schema.org","@graph":[{"@type":"WebPage","@id":"https:\/\/pizzavegana.com\/nuestra-historia\/nuestra-mision\/","url":"https:\/\/pizzavegana.com\/nuestra-historia\/nuestra-mision\/","name":"Our Mission | Pizza Vegana | Gluten Free | Colesterol Free | 100% Plant Based %","isPartOf":{"@id":"https:\/\/pizzavegana.com\/#website"},"datePublished":"2017-01-21T04:31:06+00:00","dateModified":"2017-01-28T16:37:15+00:00","breadcrumb":{"@id":"https:\/\/pizzavegana.com\/nuestra-historia\/nuestra-mision\/#breadcrumb"},"inLanguage":"en-US","potentialAction":[{"@type":"ReadAction","target":["https:\/\/pizzavegana.com\/nuestra-historia\/nuestra-mision\/"]}]},{"@type":"BreadcrumbList","@id":"https:\/\/pizzavegana.com\/nuestra-historia\/nuestra-mision\/#breadcrumb","itemListElement":[{"@type":"ListItem","position":1,"name":"Inicio","item":"https:\/\/pizzavegana.com\/"},{"@type":"ListItem","position":2,"name":"Nuestra Historia","item":"https:\/\/pizzavegana.com\/nuestra-historia\/"},{"@type":"ListItem","position":3,"name":"Nuestra Misi\u00f3n"}]},{"@type":"WebSite","@id":"https:\/\/pizzavegana.com\/#website","url":"https:\/\/pizzavegana.com\/","name":"Pizza Vegana | Gluten Free | Colesterol Free | 100% Plant Based","description":"Vegan Pizzer\u00eda, Gluten Free, 100% Plant Based, Cholesterol Free","publisher":{"@id":"https:\/\/pizzavegana.com\/#organization"},"potentialAction":[{"@type":"SearchAction","target":{"@type":"EntryPoint","urlTemplate":"https:\/\/pizzavegana.com\/?s={search_term_string}"},"query-input":"required name=search_term_string"}],"inLanguage":"en-US"},{"@type":"Organization","@id":"https:\/\/pizzavegana.com\/#organization","name":"Pizza Vegana","url":"https:\/\/pizzavegana.com\/","logo":{"@type":"ImageObject","inLanguage":"en-US","@id":"https:\/\/pizzavegana.com\/#\/schema\/logo\/image\/","url":"https:\/\/pizzavegana.com\/wp-content\/uploads\/2020\/04\/pv_logo_.png","contentUrl":"https:\/\/pizzavegana.com\/wp-content\/uploads\/2020\/04\/pv_logo_.png","width":861,"height":382,"caption":"Pizza Vegana"},"image":{"@id":"https:\/\/pizzavegana.com\/#\/schema\/logo\/image\/"},"sameAs":["http:\/\/fb.com\/pizzavegana","http:\/\/instagram.com\/pizzavegana","http:\/\/linkedin.com\/company\/pizza-vegana"]}]}},"_links":{"self":[{"href":"https:\/\/pizzavegana.com\/en\/wp-json\/wp\/v2\/pages\/67"}],"collection":[{"href":"https:\/\/pizzavegana.com\/en\/wp-json\/wp\/v2\/pages"}],"about":[{"href":"https:\/\/pizzavegana.com\/en\/wp-json\/wp\/v2\/types\/page"}],"author":[{"embeddable":true,"href":"https:\/\/pizzavegana.com\/en\/wp-json\/wp\/v2\/users\/1"}],"replies":[{"embeddable":true,"href":"https:\/\/pizzavegana.com\/en\/wp-json\/wp\/v2\/comments?post=67"}],"version-history":[{"count":2,"href":"https:\/\/pizzavegana.com\/en\/wp-json\/wp\/v2\/pages\/67\/revisions"}],"predecessor-version":[{"id":106,"href":"https:\/\/pizzavegana.com\/en\/wp-json\/wp\/v2\/pages\/67\/revisions\/106"}],"up":[{"embeddable":true,"href":"https:\/\/pizzavegana.com\/en\/wp-json\/wp\/v2\/pages\/19"}],"wp:attachment":[{"href":"https:\/\/pizzavegana.com\/en\/wp-json\/wp\/v2\/media?parent=67"}],"curies":[{"name":"wp","href":"https:\/\/api.w.org\/{rel}","templated":true}]}}