{"id":73,"date":"2017-01-21T01:33:41","date_gmt":"2017-01-21T04:33:41","guid":{"rendered":"http:\/\/pizzavegana.com\/?page_id=73"},"modified":"2017-01-28T13:37:26","modified_gmt":"2017-01-28T16:37:26","slug":"somos-unicos","status":"publish","type":"page","link":"https:\/\/pizzavegana.com\/en\/nuestra-historia\/somos-unicos\/","title":{"rendered":"We Are Unique"},"content":{"rendered":"<p><span style=\"color: #508d24;\"><strong><img decoding=\"async\" loading=\"lazy\" class=\"alignnone size-full wp-image-74 alignleft\" src=\"http:\/\/pizzavegana.com\/wp-content\/uploads\/2017\/01\/vegan100.jpg\" alt=\"\" width=\"157\" height=\"157\" srcset=\"https:\/\/pizzavegana.com\/wp-content\/uploads\/2017\/01\/vegan100.jpg 157w, https:\/\/pizzavegana.com\/wp-content\/uploads\/2017\/01\/vegan100-80x80.jpg 80w, https:\/\/pizzavegana.com\/wp-content\/uploads\/2017\/01\/vegan100-36x36.jpg 36w, https:\/\/pizzavegana.com\/wp-content\/uploads\/2017\/01\/vegan100-120x120.jpg 120w\" sizes=\"(max-width: 157px) 100vw, 157px\" \/>PRODUCTOS 100% VEGANOS<\/strong><\/span><br \/>\nNo utilizamos ning\u00fan derivado de animal para crear nuestros sabores. Tenemos una amplia y deliciosa variedad de quesos entre los que se destacan las almendras, nueces, casta\u00f1as de caj\u00fa, man\u00ed, girasol y papas org\u00e1nicas. Nuestros quesos son m\u00e1s ricos que los quesos tradicionales hechos a partir de leche animal, con el plus de ser infinitamente m\u00e1s saludables!<br \/>\nPIZZA VEGANA\u00a0es una delicia para todos los paladares no importa si sos vegano o no lo sos.<\/p>\n<hr \/>\n<p><span style=\"color: #508d24;\"><strong><img decoding=\"async\" loading=\"lazy\" class=\"alignnone size-full wp-image-75 alignleft\" src=\"http:\/\/pizzavegana.com\/wp-content\/uploads\/2017\/01\/pizzayudar.jpg\" alt=\"\" width=\"156\" height=\"156\" srcset=\"https:\/\/pizzavegana.com\/wp-content\/uploads\/2017\/01\/pizzayudar.jpg 156w, https:\/\/pizzavegana.com\/wp-content\/uploads\/2017\/01\/pizzayudar-80x80.jpg 80w, https:\/\/pizzavegana.com\/wp-content\/uploads\/2017\/01\/pizzayudar-36x36.jpg 36w, https:\/\/pizzavegana.com\/wp-content\/uploads\/2017\/01\/pizzayudar-120x120.jpg 120w\" sizes=\"(max-width: 156px) 100vw, 156px\" \/>PIZZA PARA AYUDAR EL PLANETA<\/strong><\/span><br \/>\n\u00bfMejorar el mundo haciendo pizza? Si! La pizza es una comida popular que se come semanalmente en la mayor\u00eda de las casas. Nuestro objetivo es que cada vez que quieras comer pizza elijas\u00a0PIZZA VEGANA. Con esto ya estamos contentos! Porque entendemos que cada vez que comas de lo nuestro vas a estar &#8220;haci\u00e9ndote bien&#8221; a trav\u00e9s de un alimento natural, sin sufrimiento y hecho con amor. Y si luego nuestras pizzas sirven como escalera para que modifiques alguno de tus h\u00e1bitos que sientas que te est\u00e1n haciendo mal, bienvenido sea!<\/p>\n<hr \/>\n<p><span style=\"color: #508d24;\"><strong><img decoding=\"async\" loading=\"lazy\" class=\"alignnone size-full wp-image-76 alignleft\" src=\"http:\/\/pizzavegana.com\/wp-content\/uploads\/2017\/01\/brazos-abiertos.jpg\" alt=\"\" width=\"158\" height=\"139\" \/>COCINA ABIERTA A TODOS<\/strong><\/span><br \/>\nSomos veganos de mente y coraz\u00f3n abierto. No condenamos, no juzgamos, y no cerramos las puertas a aquellos que deciden alimentarse a su manera. Nuestra pizza fue creada y dise\u00f1ada para todos.<br \/>\nFomentamos nuestro estilo de vida a trav\u00e9s del compartir y de la uni\u00f3n. \u00a0En\u00a0PIZZA VEGANA\u00a0creemos que tenemos un producto \u00fanico: la pizza m\u00e1s completa; y queremos compartirla con todos! Por eso te pedimos una oportunidad de que nos pruebes. Animate a probar\u00a0nuestro mundo\u00a0sin dejar de ser lo que sos, as\u00ed como nosotros\u00a0nos animamos a ofrecer nuestras pizzas a todos sin dejar de ser lo que somos.<\/p>\n","protected":false},"excerpt":{"rendered":"<p>PRODUCTOS 100% VEGANOS No utilizamos ning\u00fan derivado de animal para crear nuestros sabores. Tenemos una amplia y deliciosa variedad de quesos entre los que se destacan las almendras, nueces, casta\u00f1as de caj\u00fa, man\u00ed, girasol y papas org\u00e1nicas. Nuestros quesos son m\u00e1s ricos que los quesos tradicionales hechos a partir de leche animal, con el plus [&hellip;]<\/p>\n","protected":false},"author":1,"featured_media":0,"parent":19,"menu_order":0,"comment_status":"closed","ping_status":"closed","template":"","meta":{"footnotes":""},"translation":{"provider":"WPGlobus","version":"2.10.10","language":"en","enabled_languages":["es","en"],"languages":{"es":{"title":true,"content":true,"excerpt":false},"en":{"title":true,"content":false,"excerpt":false}}},"yoast_head":"<!-- This site is optimized with the Yoast SEO plugin v20.4 - https:\/\/yoast.com\/wordpress\/plugins\/seo\/ -->\n<title>We Are Unique | Pizza Vegana | Gluten Free | Colesterol Free | 100% Plant Based %<\/title>\n<meta name=\"robots\" content=\"index, follow, max-snippet:-1, max-image-preview:large, max-video-preview:-1\" \/>\n<link rel=\"canonical\" href=\"https:\/\/pizzavegana.com\/nuestra-historia\/somos-unicos\/\" \/>\n<meta property=\"og:locale\" content=\"en_US\" \/>\n<meta property=\"og:type\" content=\"article\" \/>\n<meta property=\"og:title\" content=\"We Are Unique | Pizza Vegana | Gluten Free | Colesterol Free | 100% Plant Based %\" \/>\n<meta property=\"og:url\" content=\"https:\/\/pizzavegana.com\/nuestra-historia\/somos-unicos\/\" \/>\n<meta property=\"og:site_name\" content=\"Pizza Vegana | Gluten Free | Colesterol Free | 100% Plant Based\" \/>\n<meta property=\"article:publisher\" content=\"http:\/\/fb.com\/pizzavegana\" \/>\n<meta property=\"article:modified_time\" content=\"2017-01-28T16:37:26+00:00\" \/>\n<meta property=\"og:image\" content=\"http:\/\/pizzavegana.com\/wp-content\/uploads\/2017\/01\/vegan100.jpg\" \/>\n<meta name=\"twitter:card\" content=\"summary_large_image\" \/>\n<meta name=\"twitter:label1\" content=\"Est. reading time\" \/>\n\t<meta name=\"twitter:data1\" content=\"1 minute\" \/>\n<script type=\"application\/ld+json\" class=\"yoast-schema-graph\">{\"@context\":\"https:\/\/schema.org\",\"@graph\":[{\"@type\":\"WebPage\",\"@id\":\"https:\/\/pizzavegana.com\/nuestra-historia\/somos-unicos\/\",\"url\":\"https:\/\/pizzavegana.com\/nuestra-historia\/somos-unicos\/\",\"name\":\"We Are Unique | Pizza Vegana | Gluten Free | Colesterol Free | 100% Plant Based %\",\"isPartOf\":{\"@id\":\"https:\/\/pizzavegana.com\/#website\"},\"datePublished\":\"2017-01-21T04:33:41+00:00\",\"dateModified\":\"2017-01-28T16:37:26+00:00\",\"breadcrumb\":{\"@id\":\"https:\/\/pizzavegana.com\/nuestra-historia\/somos-unicos\/#breadcrumb\"},\"inLanguage\":\"en-US\",\"potentialAction\":[{\"@type\":\"ReadAction\",\"target\":[\"https:\/\/pizzavegana.com\/nuestra-historia\/somos-unicos\/\"]}]},{\"@type\":\"BreadcrumbList\",\"@id\":\"https:\/\/pizzavegana.com\/nuestra-historia\/somos-unicos\/#breadcrumb\",\"itemListElement\":[{\"@type\":\"ListItem\",\"position\":1,\"name\":\"Inicio\",\"item\":\"https:\/\/pizzavegana.com\/\"},{\"@type\":\"ListItem\",\"position\":2,\"name\":\"Nuestra Historia\",\"item\":\"https:\/\/pizzavegana.com\/nuestra-historia\/\"},{\"@type\":\"ListItem\",\"position\":3,\"name\":\"Somos \u00danicos\"}]},{\"@type\":\"WebSite\",\"@id\":\"https:\/\/pizzavegana.com\/#website\",\"url\":\"https:\/\/pizzavegana.com\/\",\"name\":\"Pizza Vegana | Gluten Free | Colesterol Free | 100% Plant Based\",\"description\":\"Vegan Pizzer\u00eda, Gluten Free, 100% Plant Based, Cholesterol Free\",\"publisher\":{\"@id\":\"https:\/\/pizzavegana.com\/#organization\"},\"potentialAction\":[{\"@type\":\"SearchAction\",\"target\":{\"@type\":\"EntryPoint\",\"urlTemplate\":\"https:\/\/pizzavegana.com\/?s={search_term_string}\"},\"query-input\":\"required name=search_term_string\"}],\"inLanguage\":\"en-US\"},{\"@type\":\"Organization\",\"@id\":\"https:\/\/pizzavegana.com\/#organization\",\"name\":\"Pizza Vegana\",\"url\":\"https:\/\/pizzavegana.com\/\",\"logo\":{\"@type\":\"ImageObject\",\"inLanguage\":\"en-US\",\"@id\":\"https:\/\/pizzavegana.com\/#\/schema\/logo\/image\/\",\"url\":\"https:\/\/pizzavegana.com\/wp-content\/uploads\/2020\/04\/pv_logo_.png\",\"contentUrl\":\"https:\/\/pizzavegana.com\/wp-content\/uploads\/2020\/04\/pv_logo_.png\",\"width\":861,\"height\":382,\"caption\":\"Pizza Vegana\"},\"image\":{\"@id\":\"https:\/\/pizzavegana.com\/#\/schema\/logo\/image\/\"},\"sameAs\":[\"http:\/\/fb.com\/pizzavegana\",\"http:\/\/instagram.com\/pizzavegana\",\"http:\/\/linkedin.com\/company\/pizza-vegana\"]}]}<\/script>\n<!-- \/ Yoast SEO plugin. -->","yoast_head_json":{"title":"We Are Unique | Pizza Vegana | Gluten Free | Colesterol Free | 100% Plant Based %","robots":{"index":"index","follow":"follow","max-snippet":"max-snippet:-1","max-image-preview":"max-image-preview:large","max-video-preview":"max-video-preview:-1"},"canonical":"https:\/\/pizzavegana.com\/nuestra-historia\/somos-unicos\/","og_locale":"en_US","og_type":"article","og_title":"We Are Unique | Pizza Vegana | Gluten Free | Colesterol Free | 100% Plant Based %","og_url":"https:\/\/pizzavegana.com\/nuestra-historia\/somos-unicos\/","og_site_name":"Pizza Vegana | Gluten Free | Colesterol Free | 100% Plant Based","article_publisher":"http:\/\/fb.com\/pizzavegana","article_modified_time":"2017-01-28T16:37:26+00:00","og_image":[{"url":"http:\/\/pizzavegana.com\/wp-content\/uploads\/2017\/01\/vegan100.jpg"}],"twitter_card":"summary_large_image","twitter_misc":{"Est. reading time":"1 minute"},"schema":{"@context":"https:\/\/schema.org","@graph":[{"@type":"WebPage","@id":"https:\/\/pizzavegana.com\/nuestra-historia\/somos-unicos\/","url":"https:\/\/pizzavegana.com\/nuestra-historia\/somos-unicos\/","name":"We Are Unique | Pizza Vegana | Gluten Free | Colesterol Free | 100% Plant Based %","isPartOf":{"@id":"https:\/\/pizzavegana.com\/#website"},"datePublished":"2017-01-21T04:33:41+00:00","dateModified":"2017-01-28T16:37:26+00:00","breadcrumb":{"@id":"https:\/\/pizzavegana.com\/nuestra-historia\/somos-unicos\/#breadcrumb"},"inLanguage":"en-US","potentialAction":[{"@type":"ReadAction","target":["https:\/\/pizzavegana.com\/nuestra-historia\/somos-unicos\/"]}]},{"@type":"BreadcrumbList","@id":"https:\/\/pizzavegana.com\/nuestra-historia\/somos-unicos\/#breadcrumb","itemListElement":[{"@type":"ListItem","position":1,"name":"Inicio","item":"https:\/\/pizzavegana.com\/"},{"@type":"ListItem","position":2,"name":"Nuestra Historia","item":"https:\/\/pizzavegana.com\/nuestra-historia\/"},{"@type":"ListItem","position":3,"name":"Somos \u00danicos"}]},{"@type":"WebSite","@id":"https:\/\/pizzavegana.com\/#website","url":"https:\/\/pizzavegana.com\/","name":"Pizza Vegana | Gluten Free | Colesterol Free | 100% Plant Based","description":"Vegan Pizzer\u00eda, Gluten Free, 100% Plant Based, Cholesterol Free","publisher":{"@id":"https:\/\/pizzavegana.com\/#organization"},"potentialAction":[{"@type":"SearchAction","target":{"@type":"EntryPoint","urlTemplate":"https:\/\/pizzavegana.com\/?s={search_term_string}"},"query-input":"required name=search_term_string"}],"inLanguage":"en-US"},{"@type":"Organization","@id":"https:\/\/pizzavegana.com\/#organization","name":"Pizza Vegana","url":"https:\/\/pizzavegana.com\/","logo":{"@type":"ImageObject","inLanguage":"en-US","@id":"https:\/\/pizzavegana.com\/#\/schema\/logo\/image\/","url":"https:\/\/pizzavegana.com\/wp-content\/uploads\/2020\/04\/pv_logo_.png","contentUrl":"https:\/\/pizzavegana.com\/wp-content\/uploads\/2020\/04\/pv_logo_.png","width":861,"height":382,"caption":"Pizza Vegana"},"image":{"@id":"https:\/\/pizzavegana.com\/#\/schema\/logo\/image\/"},"sameAs":["http:\/\/fb.com\/pizzavegana","http:\/\/instagram.com\/pizzavegana","http:\/\/linkedin.com\/company\/pizza-vegana"]}]}},"_links":{"self":[{"href":"https:\/\/pizzavegana.com\/en\/wp-json\/wp\/v2\/pages\/73"}],"collection":[{"href":"https:\/\/pizzavegana.com\/en\/wp-json\/wp\/v2\/pages"}],"about":[{"href":"https:\/\/pizzavegana.com\/en\/wp-json\/wp\/v2\/types\/page"}],"author":[{"embeddable":true,"href":"https:\/\/pizzavegana.com\/en\/wp-json\/wp\/v2\/users\/1"}],"replies":[{"embeddable":true,"href":"https:\/\/pizzavegana.com\/en\/wp-json\/wp\/v2\/comments?post=73"}],"version-history":[{"count":3,"href":"https:\/\/pizzavegana.com\/en\/wp-json\/wp\/v2\/pages\/73\/revisions"}],"predecessor-version":[{"id":107,"href":"https:\/\/pizzavegana.com\/en\/wp-json\/wp\/v2\/pages\/73\/revisions\/107"}],"up":[{"embeddable":true,"href":"https:\/\/pizzavegana.com\/en\/wp-json\/wp\/v2\/pages\/19"}],"wp:attachment":[{"href":"https:\/\/pizzavegana.com\/en\/wp-json\/wp\/v2\/media?parent=73"}],"curies":[{"name":"wp","href":"https:\/\/api.w.org\/{rel}","templated":true}]}}