{"id":78,"date":"2017-01-21T01:36:28","date_gmt":"2017-01-21T04:36:28","guid":{"rendered":"http:\/\/pizzavegana.com\/?page_id=78"},"modified":"2017-01-28T13:37:05","modified_gmt":"2017-01-28T16:37:05","slug":"ayudemos-al-planeta","status":"publish","type":"page","link":"https:\/\/pizzavegana.com\/en\/nuestra-historia\/ayudemos-al-planeta\/","title":{"rendered":"Let&#8217;s Help The Planet"},"content":{"rendered":"<p><span style=\"color: #508d24;\"><strong><img decoding=\"async\" loading=\"lazy\" class=\"alignnone size-full wp-image-79 alignleft\" src=\"http:\/\/pizzavegana.com\/wp-content\/uploads\/2017\/01\/bien.png\" alt=\"\" width=\"241\" height=\"218\" \/>EL PLACER DE HACER BIEN<\/strong><br \/>\n<\/span><br \/>\nElegimos ayudar al planeta. Es lo que nos gusta y PIZZA VEGANA\u00a0es un producto de dicho placer. Cada uno es como es y no es nuestra intenci\u00f3n cambiarte.<br \/>\nEs cierto que el planeta necesita de los seres humanos para evitar el colapso, pero no todos tenemos el tiempo, la fuerza, las ganas o la educaci\u00f3n como para aportar a esta necesidad. PIZZA VEGANA es una herramienta de ayuda. Consumiendo nuestras pizzas estas ayudando el planeta porque nuestros productos no contienen productos animales que son altamente perjudiciales para el medio ambiente. Por el contrario, fomentamos la salud utilizando versiones saludables de productos cotidianos como las harinas org\u00e1nicas, la sal o el az\u00facar, y la calidad de nuestras verduras y quesos vegetales.<\/p>\n<hr \/>\n<p><span style=\"color: #508d24;\"><strong><img decoding=\"async\" loading=\"lazy\" class=\"alignnone size-full wp-image-80 alignleft\" src=\"http:\/\/pizzavegana.com\/wp-content\/uploads\/2017\/01\/ayudar-a-ayudar.jpg\" alt=\"\" width=\"239\" height=\"217\" \/>TE AYUDAMOS A AYUDAR<\/strong><br \/>\n<\/span><br \/>\nTal vez no tengas tiempo para detenerte a pensar en el planeta, pero pod\u00e9s aportar tu granito de arena eligi\u00e9ndonos. Cada vez que eleg\u00eds PIZZA VEGANA\u00a0y no otra pizzer\u00eda estas eligiendo algo mejor para el planeta.<br \/>\nPuede no importarte pero es un detalle m\u00e1s a la hora de tu elecci\u00f3n. Y si hoy no ten\u00e9s tiempo para pensar en la ecolog\u00eda lo entendemos, pero elegirnos es una forma de ayudar ya que dej\u00e1s de consumir otras cosas que provocan un mayor impacto en el medio ambiente.<br \/>\nCada vez que eleg\u00eds PIZZA VEGANA estas por ende ayudandote a vos, a los animales y al planeta! Por eso te decimos: gracias por tu elecci\u00f3n y gracias por ayudar!<\/p>\n","protected":false},"excerpt":{"rendered":"<p>EL PLACER DE HACER BIEN Elegimos ayudar al planeta. Es lo que nos gusta y PIZZA VEGANA\u00a0es un producto de dicho placer. Cada uno es como es y no es nuestra intenci\u00f3n cambiarte. Es cierto que el planeta necesita de los seres humanos para evitar el colapso, pero no todos tenemos el tiempo, la fuerza, [&hellip;]<\/p>\n","protected":false},"author":1,"featured_media":0,"parent":19,"menu_order":0,"comment_status":"closed","ping_status":"closed","template":"","meta":{"footnotes":""},"translation":{"provider":"WPGlobus","version":"2.10.10","language":"en","enabled_languages":["es","en"],"languages":{"es":{"title":true,"content":true,"excerpt":false},"en":{"title":true,"content":false,"excerpt":false}}},"yoast_head":"<!-- This site is optimized with the Yoast SEO plugin v20.4 - https:\/\/yoast.com\/wordpress\/plugins\/seo\/ -->\n<title>Let&#039;s Help The Planet | Pizza Vegana | Gluten Free | Colesterol Free | 100% Plant Based %<\/title>\n<meta name=\"robots\" content=\"index, follow, max-snippet:-1, max-image-preview:large, max-video-preview:-1\" \/>\n<link rel=\"canonical\" href=\"https:\/\/pizzavegana.com\/nuestra-historia\/ayudemos-al-planeta\/\" \/>\n<meta property=\"og:locale\" content=\"en_US\" \/>\n<meta property=\"og:type\" content=\"article\" \/>\n<meta property=\"og:title\" content=\"Let&#039;s Help The Planet | Pizza Vegana | Gluten Free | Colesterol Free | 100% Plant Based %\" \/>\n<meta property=\"og:url\" content=\"https:\/\/pizzavegana.com\/nuestra-historia\/ayudemos-al-planeta\/\" \/>\n<meta property=\"og:site_name\" content=\"Pizza Vegana | Gluten Free | Colesterol Free | 100% Plant Based\" \/>\n<meta property=\"article:publisher\" content=\"http:\/\/fb.com\/pizzavegana\" \/>\n<meta property=\"article:modified_time\" content=\"2017-01-28T16:37:05+00:00\" \/>\n<meta property=\"og:image\" content=\"http:\/\/pizzavegana.com\/wp-content\/uploads\/2017\/01\/bien.png\" \/>\n<meta name=\"twitter:card\" content=\"summary_large_image\" \/>\n<meta name=\"twitter:label1\" content=\"Est. reading time\" \/>\n\t<meta name=\"twitter:data1\" content=\"1 minute\" \/>\n<script type=\"application\/ld+json\" class=\"yoast-schema-graph\">{\"@context\":\"https:\/\/schema.org\",\"@graph\":[{\"@type\":\"WebPage\",\"@id\":\"https:\/\/pizzavegana.com\/nuestra-historia\/ayudemos-al-planeta\/\",\"url\":\"https:\/\/pizzavegana.com\/nuestra-historia\/ayudemos-al-planeta\/\",\"name\":\"Let's Help The Planet | Pizza Vegana | Gluten Free | Colesterol Free | 100% Plant Based %\",\"isPartOf\":{\"@id\":\"https:\/\/pizzavegana.com\/#website\"},\"datePublished\":\"2017-01-21T04:36:28+00:00\",\"dateModified\":\"2017-01-28T16:37:05+00:00\",\"breadcrumb\":{\"@id\":\"https:\/\/pizzavegana.com\/nuestra-historia\/ayudemos-al-planeta\/#breadcrumb\"},\"inLanguage\":\"en-US\",\"potentialAction\":[{\"@type\":\"ReadAction\",\"target\":[\"https:\/\/pizzavegana.com\/nuestra-historia\/ayudemos-al-planeta\/\"]}]},{\"@type\":\"BreadcrumbList\",\"@id\":\"https:\/\/pizzavegana.com\/nuestra-historia\/ayudemos-al-planeta\/#breadcrumb\",\"itemListElement\":[{\"@type\":\"ListItem\",\"position\":1,\"name\":\"Inicio\",\"item\":\"https:\/\/pizzavegana.com\/\"},{\"@type\":\"ListItem\",\"position\":2,\"name\":\"Nuestra Historia\",\"item\":\"https:\/\/pizzavegana.com\/nuestra-historia\/\"},{\"@type\":\"ListItem\",\"position\":3,\"name\":\"Ayudemos al Planeta\"}]},{\"@type\":\"WebSite\",\"@id\":\"https:\/\/pizzavegana.com\/#website\",\"url\":\"https:\/\/pizzavegana.com\/\",\"name\":\"Pizza Vegana | Gluten Free | Colesterol Free | 100% Plant Based\",\"description\":\"Vegan Pizzer\u00eda, Gluten Free, 100% Plant Based, Cholesterol Free\",\"publisher\":{\"@id\":\"https:\/\/pizzavegana.com\/#organization\"},\"potentialAction\":[{\"@type\":\"SearchAction\",\"target\":{\"@type\":\"EntryPoint\",\"urlTemplate\":\"https:\/\/pizzavegana.com\/?s={search_term_string}\"},\"query-input\":\"required name=search_term_string\"}],\"inLanguage\":\"en-US\"},{\"@type\":\"Organization\",\"@id\":\"https:\/\/pizzavegana.com\/#organization\",\"name\":\"Pizza Vegana\",\"url\":\"https:\/\/pizzavegana.com\/\",\"logo\":{\"@type\":\"ImageObject\",\"inLanguage\":\"en-US\",\"@id\":\"https:\/\/pizzavegana.com\/#\/schema\/logo\/image\/\",\"url\":\"https:\/\/pizzavegana.com\/wp-content\/uploads\/2020\/04\/pv_logo_.png\",\"contentUrl\":\"https:\/\/pizzavegana.com\/wp-content\/uploads\/2020\/04\/pv_logo_.png\",\"width\":861,\"height\":382,\"caption\":\"Pizza Vegana\"},\"image\":{\"@id\":\"https:\/\/pizzavegana.com\/#\/schema\/logo\/image\/\"},\"sameAs\":[\"http:\/\/fb.com\/pizzavegana\",\"http:\/\/instagram.com\/pizzavegana\",\"http:\/\/linkedin.com\/company\/pizza-vegana\"]}]}<\/script>\n<!-- \/ Yoast SEO plugin. -->","yoast_head_json":{"title":"Let's Help The Planet | Pizza Vegana | Gluten Free | Colesterol Free | 100% Plant Based %","robots":{"index":"index","follow":"follow","max-snippet":"max-snippet:-1","max-image-preview":"max-image-preview:large","max-video-preview":"max-video-preview:-1"},"canonical":"https:\/\/pizzavegana.com\/nuestra-historia\/ayudemos-al-planeta\/","og_locale":"en_US","og_type":"article","og_title":"Let's Help The Planet | Pizza Vegana | Gluten Free | Colesterol Free | 100% Plant Based %","og_url":"https:\/\/pizzavegana.com\/nuestra-historia\/ayudemos-al-planeta\/","og_site_name":"Pizza Vegana | Gluten Free | Colesterol Free | 100% Plant Based","article_publisher":"http:\/\/fb.com\/pizzavegana","article_modified_time":"2017-01-28T16:37:05+00:00","og_image":[{"url":"http:\/\/pizzavegana.com\/wp-content\/uploads\/2017\/01\/bien.png"}],"twitter_card":"summary_large_image","twitter_misc":{"Est. reading time":"1 minute"},"schema":{"@context":"https:\/\/schema.org","@graph":[{"@type":"WebPage","@id":"https:\/\/pizzavegana.com\/nuestra-historia\/ayudemos-al-planeta\/","url":"https:\/\/pizzavegana.com\/nuestra-historia\/ayudemos-al-planeta\/","name":"Let's Help The Planet | Pizza Vegana | Gluten Free | Colesterol Free | 100% Plant Based %","isPartOf":{"@id":"https:\/\/pizzavegana.com\/#website"},"datePublished":"2017-01-21T04:36:28+00:00","dateModified":"2017-01-28T16:37:05+00:00","breadcrumb":{"@id":"https:\/\/pizzavegana.com\/nuestra-historia\/ayudemos-al-planeta\/#breadcrumb"},"inLanguage":"en-US","potentialAction":[{"@type":"ReadAction","target":["https:\/\/pizzavegana.com\/nuestra-historia\/ayudemos-al-planeta\/"]}]},{"@type":"BreadcrumbList","@id":"https:\/\/pizzavegana.com\/nuestra-historia\/ayudemos-al-planeta\/#breadcrumb","itemListElement":[{"@type":"ListItem","position":1,"name":"Inicio","item":"https:\/\/pizzavegana.com\/"},{"@type":"ListItem","position":2,"name":"Nuestra Historia","item":"https:\/\/pizzavegana.com\/nuestra-historia\/"},{"@type":"ListItem","position":3,"name":"Ayudemos al Planeta"}]},{"@type":"WebSite","@id":"https:\/\/pizzavegana.com\/#website","url":"https:\/\/pizzavegana.com\/","name":"Pizza Vegana | Gluten Free | Colesterol Free | 100% Plant Based","description":"Vegan Pizzer\u00eda, Gluten Free, 100% Plant Based, Cholesterol Free","publisher":{"@id":"https:\/\/pizzavegana.com\/#organization"},"potentialAction":[{"@type":"SearchAction","target":{"@type":"EntryPoint","urlTemplate":"https:\/\/pizzavegana.com\/?s={search_term_string}"},"query-input":"required name=search_term_string"}],"inLanguage":"en-US"},{"@type":"Organization","@id":"https:\/\/pizzavegana.com\/#organization","name":"Pizza Vegana","url":"https:\/\/pizzavegana.com\/","logo":{"@type":"ImageObject","inLanguage":"en-US","@id":"https:\/\/pizzavegana.com\/#\/schema\/logo\/image\/","url":"https:\/\/pizzavegana.com\/wp-content\/uploads\/2020\/04\/pv_logo_.png","contentUrl":"https:\/\/pizzavegana.com\/wp-content\/uploads\/2020\/04\/pv_logo_.png","width":861,"height":382,"caption":"Pizza Vegana"},"image":{"@id":"https:\/\/pizzavegana.com\/#\/schema\/logo\/image\/"},"sameAs":["http:\/\/fb.com\/pizzavegana","http:\/\/instagram.com\/pizzavegana","http:\/\/linkedin.com\/company\/pizza-vegana"]}]}},"_links":{"self":[{"href":"https:\/\/pizzavegana.com\/en\/wp-json\/wp\/v2\/pages\/78"}],"collection":[{"href":"https:\/\/pizzavegana.com\/en\/wp-json\/wp\/v2\/pages"}],"about":[{"href":"https:\/\/pizzavegana.com\/en\/wp-json\/wp\/v2\/types\/page"}],"author":[{"embeddable":true,"href":"https:\/\/pizzavegana.com\/en\/wp-json\/wp\/v2\/users\/1"}],"replies":[{"embeddable":true,"href":"https:\/\/pizzavegana.com\/en\/wp-json\/wp\/v2\/comments?post=78"}],"version-history":[{"count":2,"href":"https:\/\/pizzavegana.com\/en\/wp-json\/wp\/v2\/pages\/78\/revisions"}],"predecessor-version":[{"id":105,"href":"https:\/\/pizzavegana.com\/en\/wp-json\/wp\/v2\/pages\/78\/revisions\/105"}],"up":[{"embeddable":true,"href":"https:\/\/pizzavegana.com\/en\/wp-json\/wp\/v2\/pages\/19"}],"wp:attachment":[{"href":"https:\/\/pizzavegana.com\/en\/wp-json\/wp\/v2\/media?parent=78"}],"curies":[{"name":"wp","href":"https:\/\/api.w.org\/{rel}","templated":true}]}}